{"id":91,"date":"2025-10-22T09:49:16","date_gmt":"2025-10-22T09:49:16","guid":{"rendered":"https:\/\/green-dugong-976550.hostingersite.com\/?page_id=91"},"modified":"2025-11-22T07:01:44","modified_gmt":"2025-11-22T07:01:44","slug":"concerts","status":"publish","type":"page","link":"https:\/\/rougge.com\/fr\/concerts\/","title":{"rendered":"CONCERTS"},"content":{"rendered":"<div data-elementor-type=\"wp-page\" data-elementor-id=\"91\" class=\"elementor elementor-91\" data-elementor-post-type=\"page\">\n\t\t\t\t<div class=\"elementor-element elementor-element-2127122 e-flex e-con-boxed e-con e-parent\" data-id=\"2127122\" data-element_type=\"container\" data-e-type=\"container\">\n\t\t\t\t\t<div class=\"e-con-inner\">\n\t\t<div class=\"elementor-element elementor-element-a2a493d e-con-full e-flex e-con e-child\" data-id=\"a2a493d\" data-element_type=\"container\" data-e-type=\"container\">\n\t\t\t\t<div class=\"elementor-element elementor-element-f1485ae elementor-widget elementor-widget-heading\" data-id=\"f1485ae\" data-element_type=\"widget\" data-e-type=\"widget\" data-widget_type=\"heading.default\">\n\t\t\t\t\t<h2 class=\"elementor-heading-title elementor-size-default\">Dernier concert<br>\n\n04\/10\/25<br>\nNANCY JAZZ POURSUITE<\/h2>\t\t\t\t<\/div>\n\t\t\t\t<div class=\"elementor-element elementor-element-c340310 elementor-widget elementor-widget-text-editor\" data-id=\"c340310\" data-element_type=\"widget\" data-e-type=\"widget\" data-widget_type=\"text-editor.default\">\n\t\t\t\t\t\t\t\t\t<p>avec le danceur Amon Bey<\/p>\t\t\t\t\t\t\t\t<\/div>\n\t\t\t\t<div class=\"elementor-element elementor-element-bba6660 elementor-widget-mobile__width-initial elementor-widget elementor-widget-image\" data-id=\"bba6660\" data-element_type=\"widget\" data-e-type=\"widget\" data-widget_type=\"image.default\">\n\t\t\t\t\t\t\t\t\t\t\t\t\t\t\t\t<a href=\"https:\/\/nancyjazzpulsations.com\/\" target=\"_blank\">\n\t\t\t\t\t\t\t<img fetchpriority=\"high\" decoding=\"async\" width=\"204\" height=\"289\" src=\"https:\/\/rougge.com\/wp-content\/uploads\/2025\/10\/imgi_1_NJP.png\" class=\"attachment-large size-large wp-image-94\" alt=\"Concert poster for Nancy Jazz Pulsations\" srcset=\"https:\/\/rougge.com\/wp-content\/uploads\/2025\/10\/imgi_1_NJP.png 204w, https:\/\/rougge.com\/wp-content\/uploads\/2025\/10\/imgi_1_NJP-8x12.png 8w\" sizes=\"(max-width: 204px) 100vw, 204px\" \/>\t\t\t\t\t\t\t\t<\/a>\n\t\t\t\t\t\t\t\t\t\t\t\t\t\t\t<\/div>\n\t\t\t\t<\/div>\n\t\t<div class=\"elementor-element elementor-element-b12d7df e-con-full e-flex e-con e-child\" data-id=\"b12d7df\" data-element_type=\"container\" data-e-type=\"container\">\n\t\t\t\t<div class=\"elementor-element elementor-element-bb1e698 elementor-widget-tablet__width-initial elementor-widget-mobile__width-inherit elementor-widget elementor-widget-image\" data-id=\"bb1e698\" data-element_type=\"widget\" data-e-type=\"widget\" data-widget_type=\"image.default\">\n\t\t\t\t\t\t\t\t\t\t\t\t\t\t\t\t<a href=\"https:\/\/www.facebook.com\/p\/Amon-Bey-Dance-100027157587082\/\" target=\"_blank\">\n\t\t\t\t\t\t\t<img decoding=\"async\" width=\"278\" height=\"394\" src=\"https:\/\/rougge.com\/wp-content\/uploads\/2025\/10\/imgi_2_Amon-Bey-danse-contemporaine.jpg\" class=\"attachment-large size-large wp-image-95\" alt=\"Contemporary dancer Amon Bey performing on stage in a black evening suit\" srcset=\"https:\/\/rougge.com\/wp-content\/uploads\/2025\/10\/imgi_2_Amon-Bey-danse-contemporaine.jpg 278w, https:\/\/rougge.com\/wp-content\/uploads\/2025\/10\/imgi_2_Amon-Bey-danse-contemporaine-212x300.jpg 212w, https:\/\/rougge.com\/wp-content\/uploads\/2025\/10\/imgi_2_Amon-Bey-danse-contemporaine-8x12.jpg 8w\" sizes=\"(max-width: 278px) 100vw, 278px\" \/>\t\t\t\t\t\t\t\t<\/a>\n\t\t\t\t\t\t\t\t\t\t\t\t\t\t\t<\/div>\n\t\t\t\t<\/div>\n\t\t\t\t\t<\/div>\n\t\t\t\t<\/div>\n\t\t<div class=\"elementor-element elementor-element-b78c47b e-flex e-con-boxed e-con e-parent\" data-id=\"b78c47b\" data-element_type=\"container\" data-e-type=\"container\">\n\t\t\t\t\t<div class=\"e-con-inner\">\n\t\t\t\t<div class=\"elementor-element elementor-element-102d653 elementor-widget elementor-widget-text-editor\" data-id=\"102d653\" data-element_type=\"widget\" data-e-type=\"widget\" data-widget_type=\"text-editor.default\">\n\t\t\t\t\t\t\t\t\t<p style=\"text-align: center;\">Pour \u00eatre inform\u00e9(e) des prochains concerts, vous pouvez vous inscrire \u00e0 la <a href=\"https:\/\/rougge.com\/fr\/newsletter\/\">newsletter<\/a>.<\/p>\t\t\t\t\t\t\t\t<\/div>\n\t\t\t\t\t<\/div>\n\t\t\t\t<\/div>\n\t\t\t\t<\/div>","protected":false},"excerpt":{"rendered":"<p>Latest concert 04\/10\/25 NANCY JAZZ POURSUITE with the dancer Amon Bey To stay informed about upcoming concerts, you can subscribe [&hellip;]<\/p>\n","protected":false},"author":2,"featured_media":0,"parent":0,"menu_order":0,"comment_status":"closed","ping_status":"closed","template":"","meta":{"site-sidebar-layout":"no-sidebar","site-content-layout":"","ast-site-content-layout":"full-width-container","site-content-style":"default","site-sidebar-style":"default","ast-global-header-display":"","ast-banner-title-visibility":"","ast-main-header-display":"","ast-hfb-above-header-display":"","ast-hfb-below-header-display":"","ast-hfb-mobile-header-display":"","site-post-title":"","ast-breadcrumbs-content":"","ast-featured-img":"disabled","footer-sml-layout":"","ast-disable-related-posts":"","theme-transparent-header-meta":"","adv-header-id-meta":"","stick-header-meta":"","header-above-stick-meta":"","header-main-stick-meta":"","header-below-stick-meta":"","astra-migrate-meta-layouts":"default","ast-page-background-enabled":"default","ast-page-background-meta":{"desktop":{"background-color":"var(--ast-global-color-5)","background-image":"","background-repeat":"repeat","background-position":"center center","background-size":"auto","background-attachment":"scroll","background-type":"","background-media":"","overlay-type":"","overlay-color":"","overlay-opacity":"","overlay-gradient":""},"tablet":{"background-color":"","background-image":"","background-repeat":"repeat","background-position":"center center","background-size":"auto","background-attachment":"scroll","background-type":"","background-media":"","overlay-type":"","overlay-color":"","overlay-opacity":"","overlay-gradient":""},"mobile":{"background-color":"","background-image":"","background-repeat":"repeat","background-position":"center center","background-size":"auto","background-attachment":"scroll","background-type":"","background-media":"","overlay-type":"","overlay-color":"","overlay-opacity":"","overlay-gradient":""}},"ast-content-background-meta":{"desktop":{"background-color":"var(--ast-global-color-4)","background-image":"","background-repeat":"repeat","background-position":"center center","background-size":"auto","background-attachment":"scroll","background-type":"","background-media":"","overlay-type":"","overlay-color":"","overlay-opacity":"","overlay-gradient":""},"tablet":{"background-color":"var(--ast-global-color-4)","background-image":"","background-repeat":"repeat","background-position":"center center","background-size":"auto","background-attachment":"scroll","background-type":"","background-media":"","overlay-type":"","overlay-color":"","overlay-opacity":"","overlay-gradient":""},"mobile":{"background-color":"var(--ast-global-color-4)","background-image":"","background-repeat":"repeat","background-position":"center center","background-size":"auto","background-attachment":"scroll","background-type":"","background-media":"","overlay-type":"","overlay-color":"","overlay-opacity":"","overlay-gradient":""}},"footnotes":""},"class_list":["post-91","page","type-page","status-publish","hentry"],"yoast_head":"<!-- This site is optimized with the Yoast SEO plugin v27.5 - https:\/\/yoast.com\/product\/yoast-seo-wordpress\/ -->\n<title>Concerts - Inside Music by Rougge<\/title>\n<meta name=\"description\" content=\"Concerts by Rougge - Piano and voice - Live performance\" \/>\n<meta name=\"robots\" content=\"index, follow, max-snippet:-1, max-image-preview:large, max-video-preview:-1\" \/>\n<link rel=\"canonical\" href=\"https:\/\/rougge.com\/fr\/concerts\/\" \/>\n<meta property=\"og:locale\" content=\"fr_FR\" \/>\n<meta property=\"og:type\" content=\"article\" \/>\n<meta property=\"og:title\" content=\"Concerts - Inside Music by Rougge\" \/>\n<meta property=\"og:description\" content=\"Concerts by Rougge - Piano and voice - Live performance\" \/>\n<meta property=\"og:url\" content=\"https:\/\/rougge.com\/fr\/concerts\/\" \/>\n<meta property=\"og:site_name\" content=\"Inside Music by Rougge\" \/>\n<meta property=\"article:modified_time\" content=\"2025-11-22T07:01:44+00:00\" \/>\n<meta property=\"og:image\" content=\"https:\/\/rougge.com\/wp-content\/uploads\/2025\/10\/imgi_1_NJP.png\" \/>\n<meta name=\"twitter:card\" content=\"summary_large_image\" \/>\n<meta name=\"twitter:label1\" content=\"Dur\u00e9e de lecture estim\u00e9e\" \/>\n\t<meta name=\"twitter:data1\" content=\"1 minute\" \/>\n<script type=\"application\/ld+json\" class=\"yoast-schema-graph\">{\"@context\":\"https:\\\/\\\/schema.org\",\"@graph\":[{\"@type\":\"WebPage\",\"@id\":\"https:\\\/\\\/rougge.com\\\/fr\\\/concerts\\\/\",\"url\":\"https:\\\/\\\/rougge.com\\\/fr\\\/concerts\\\/\",\"name\":\"Concerts - Inside Music by Rougge\",\"isPartOf\":{\"@id\":\"https:\\\/\\\/rougge.com\\\/fr\\\/#website\"},\"primaryImageOfPage\":{\"@id\":\"https:\\\/\\\/rougge.com\\\/fr\\\/concerts\\\/#primaryimage\"},\"image\":{\"@id\":\"https:\\\/\\\/rougge.com\\\/fr\\\/concerts\\\/#primaryimage\"},\"thumbnailUrl\":\"https:\\\/\\\/rougge.com\\\/wp-content\\\/uploads\\\/2025\\\/10\\\/imgi_1_NJP.png\",\"datePublished\":\"2025-10-22T09:49:16+00:00\",\"dateModified\":\"2025-11-22T07:01:44+00:00\",\"description\":\"Concerts by Rougge - Piano and voice - Live performance\",\"breadcrumb\":{\"@id\":\"https:\\\/\\\/rougge.com\\\/fr\\\/concerts\\\/#breadcrumb\"},\"inLanguage\":\"fr-FR\",\"potentialAction\":[{\"@type\":\"ReadAction\",\"target\":[\"https:\\\/\\\/rougge.com\\\/fr\\\/concerts\\\/\"]}]},{\"@type\":\"ImageObject\",\"inLanguage\":\"fr-FR\",\"@id\":\"https:\\\/\\\/rougge.com\\\/fr\\\/concerts\\\/#primaryimage\",\"url\":\"https:\\\/\\\/rougge.com\\\/wp-content\\\/uploads\\\/2025\\\/10\\\/imgi_1_NJP.png\",\"contentUrl\":\"https:\\\/\\\/rougge.com\\\/wp-content\\\/uploads\\\/2025\\\/10\\\/imgi_1_NJP.png\"},{\"@type\":\"BreadcrumbList\",\"@id\":\"https:\\\/\\\/rougge.com\\\/fr\\\/concerts\\\/#breadcrumb\",\"itemListElement\":[{\"@type\":\"ListItem\",\"position\":1,\"name\":\"Home\",\"item\":\"https:\\\/\\\/rougge.com\\\/\"},{\"@type\":\"ListItem\",\"position\":2,\"name\":\"Concerts\"}]},{\"@type\":\"WebSite\",\"@id\":\"https:\\\/\\\/rougge.com\\\/fr\\\/#website\",\"url\":\"https:\\\/\\\/rougge.com\\\/fr\\\/\",\"name\":\"Inside Music by Rougge\",\"description\":\"piano, voice &amp; emotion\",\"alternateName\":\"Inside Music by Rougge\",\"potentialAction\":[{\"@type\":\"SearchAction\",\"target\":{\"@type\":\"EntryPoint\",\"urlTemplate\":\"https:\\\/\\\/rougge.com\\\/fr\\\/?s={search_term_string}\"},\"query-input\":{\"@type\":\"PropertyValueSpecification\",\"valueRequired\":true,\"valueName\":\"search_term_string\"}}],\"inLanguage\":\"fr-FR\"}]}<\/script>\n<!-- \/ Yoast SEO plugin. -->","yoast_head_json":{"title":"Concerts - Inside Music by Rougge","description":"Concerts by Rougge - Piano and voice - Live performance","robots":{"index":"index","follow":"follow","max-snippet":"max-snippet:-1","max-image-preview":"max-image-preview:large","max-video-preview":"max-video-preview:-1"},"canonical":"https:\/\/rougge.com\/fr\/concerts\/","og_locale":"fr_FR","og_type":"article","og_title":"Concerts - Inside Music by Rougge","og_description":"Concerts by Rougge - Piano and voice - Live performance","og_url":"https:\/\/rougge.com\/fr\/concerts\/","og_site_name":"Inside Music by Rougge","article_modified_time":"2025-11-22T07:01:44+00:00","og_image":[{"url":"https:\/\/rougge.com\/wp-content\/uploads\/2025\/10\/imgi_1_NJP.png","type":"","width":"","height":""}],"twitter_card":"summary_large_image","twitter_misc":{"Dur\u00e9e de lecture estim\u00e9e":"1 minute"},"schema":{"@context":"https:\/\/schema.org","@graph":[{"@type":"WebPage","@id":"https:\/\/rougge.com\/fr\/concerts\/","url":"https:\/\/rougge.com\/fr\/concerts\/","name":"Concerts - Inside Music by Rougge","isPartOf":{"@id":"https:\/\/rougge.com\/fr\/#website"},"primaryImageOfPage":{"@id":"https:\/\/rougge.com\/fr\/concerts\/#primaryimage"},"image":{"@id":"https:\/\/rougge.com\/fr\/concerts\/#primaryimage"},"thumbnailUrl":"https:\/\/rougge.com\/wp-content\/uploads\/2025\/10\/imgi_1_NJP.png","datePublished":"2025-10-22T09:49:16+00:00","dateModified":"2025-11-22T07:01:44+00:00","description":"Concerts by Rougge - Piano and voice - Live performance","breadcrumb":{"@id":"https:\/\/rougge.com\/fr\/concerts\/#breadcrumb"},"inLanguage":"fr-FR","potentialAction":[{"@type":"ReadAction","target":["https:\/\/rougge.com\/fr\/concerts\/"]}]},{"@type":"ImageObject","inLanguage":"fr-FR","@id":"https:\/\/rougge.com\/fr\/concerts\/#primaryimage","url":"https:\/\/rougge.com\/wp-content\/uploads\/2025\/10\/imgi_1_NJP.png","contentUrl":"https:\/\/rougge.com\/wp-content\/uploads\/2025\/10\/imgi_1_NJP.png"},{"@type":"BreadcrumbList","@id":"https:\/\/rougge.com\/fr\/concerts\/#breadcrumb","itemListElement":[{"@type":"ListItem","position":1,"name":"Home","item":"https:\/\/rougge.com\/"},{"@type":"ListItem","position":2,"name":"Concerts"}]},{"@type":"WebSite","@id":"https:\/\/rougge.com\/fr\/#website","url":"https:\/\/rougge.com\/fr\/","name":"Inside Music by Rougge","description":"piano, voice &amp; emotion","alternateName":"Inside Music by Rougge","potentialAction":[{"@type":"SearchAction","target":{"@type":"EntryPoint","urlTemplate":"https:\/\/rougge.com\/fr\/?s={search_term_string}"},"query-input":{"@type":"PropertyValueSpecification","valueRequired":true,"valueName":"search_term_string"}}],"inLanguage":"fr-FR"}]}},"_hostinger_reach_plugin_has_subscription_block":false,"_hostinger_reach_plugin_is_elementor":false,"_links":{"self":[{"href":"https:\/\/rougge.com\/fr\/wp-json\/wp\/v2\/pages\/91","targetHints":{"allow":["GET"]}}],"collection":[{"href":"https:\/\/rougge.com\/fr\/wp-json\/wp\/v2\/pages"}],"about":[{"href":"https:\/\/rougge.com\/fr\/wp-json\/wp\/v2\/types\/page"}],"author":[{"embeddable":true,"href":"https:\/\/rougge.com\/fr\/wp-json\/wp\/v2\/users\/2"}],"replies":[{"embeddable":true,"href":"https:\/\/rougge.com\/fr\/wp-json\/wp\/v2\/comments?post=91"}],"version-history":[{"count":31,"href":"https:\/\/rougge.com\/fr\/wp-json\/wp\/v2\/pages\/91\/revisions"}],"predecessor-version":[{"id":770,"href":"https:\/\/rougge.com\/fr\/wp-json\/wp\/v2\/pages\/91\/revisions\/770"}],"wp:attachment":[{"href":"https:\/\/rougge.com\/fr\/wp-json\/wp\/v2\/media?parent=91"}],"curies":[{"name":"wp","href":"https:\/\/api.w.org\/{rel}","templated":true}]}}