{"id":71,"date":"2025-10-22T09:13:30","date_gmt":"2025-10-22T09:13:30","guid":{"rendered":"https:\/\/green-dugong-976550.hostingersite.com\/?page_id=71"},"modified":"2025-11-22T09:50:56","modified_gmt":"2025-11-22T09:50:56","slug":"about","status":"publish","type":"page","link":"https:\/\/rougge.com\/fr\/about\/","title":{"rendered":"\u00c0 propos"},"content":{"rendered":"<div data-elementor-type=\"wp-page\" data-elementor-id=\"71\" class=\"elementor elementor-71\" data-elementor-post-type=\"page\">\n\t\t\t\t<div class=\"elementor-element elementor-element-6aa314d9 e-flex e-con-boxed e-con e-parent\" data-id=\"6aa314d9\" data-element_type=\"container\" data-e-type=\"container\" data-settings=\"{&quot;background_background&quot;:&quot;classic&quot;}\">\n\t\t\t\t\t<div class=\"e-con-inner\">\n\t\t\t\t\t<\/div>\n\t\t\t\t<\/div>\n\t\t<div class=\"elementor-element elementor-element-90544e0 e-flex e-con-boxed e-con e-parent\" data-id=\"90544e0\" data-element_type=\"container\" data-e-type=\"container\">\n\t\t\t\t\t<div class=\"e-con-inner\">\n\t\t<div class=\"elementor-element elementor-element-734c0db1 e-flex e-con-boxed e-con e-child\" data-id=\"734c0db1\" data-element_type=\"container\" data-e-type=\"container\" data-settings=\"{&quot;background_background&quot;:&quot;classic&quot;}\">\n\t\t\t\t\t<div class=\"e-con-inner\">\n\t\t\t\t<div class=\"elementor-element elementor-element-783c4dda elementor-widget elementor-widget-heading\" data-id=\"783c4dda\" data-element_type=\"widget\" data-e-type=\"widget\" data-widget_type=\"heading.default\">\n\t\t\t\t\t<h2 class=\"elementor-heading-title elementor-size-default\">\u00c0 propos<\/h2>\t\t\t\t<\/div>\n\t\t\t\t<div class=\"elementor-element elementor-element-1978effc elementor-widget elementor-widget-text-editor\" data-id=\"1978effc\" data-element_type=\"widget\" data-e-type=\"widget\" data-widget_type=\"text-editor.default\">\n\t\t\t\t\t\t\t\t\t<p class=\"font_8 wixui-rich-text__text\"><span class=\"wixui-rich-text__text\"><em><a href=\"https:\/\/rougge.com\/fr\/\">ROUGGE<\/a> : a ethereal singing, freed from words, sentences, only accompanied by his piano. Raw emotions.<\/em><br class=\"wixui-rich-text__text\" \/><br class=\"wixui-rich-text__text\" \/>Il a enregistr\u00e9 ce qu'il appelle quatre \"albums de recherche\", a donn\u00e9 des concerts vari\u00e9s (en solo, avec quintette de cordes, avec orchestres) avant de pouvoir toucher plus pr\u00e9cis\u00e9ment ce qu'il consid\u00e8re \u00eatre l'essence de sa musique et tenter de la d\u00e9finir.<br class=\"wixui-rich-text__text\" \/><br class=\"wixui-rich-text__text\" \/>Il cr\u00e9e pour cela le nom d'Inside Music ou Musique int\u00e9rieure afin d'assumer la reprise et la poursuite de sa composition dans une forme plus \u00e9pur\u00e9e, intimiste et fragile que jamais.<br class=\"wixui-rich-text__text\" \/><br class=\"wixui-rich-text__text\" \/>Avec une date de sortie en d\u00e9cembre 2025, la vid\u00e9o \"studio session\" film\u00e9e au studio Midilive et l'EP \"L'heure du soir\" en sont l'incarnation.<br \/><\/span><\/p>\t\t\t\t\t\t\t\t<\/div>\n\t\t\t\t<div class=\"elementor-element elementor-element-58d28437 elementor-widget elementor-widget-text-editor\" data-id=\"58d28437\" data-element_type=\"widget\" data-e-type=\"widget\" data-widget_type=\"text-editor.default\">\n\t\t\t\t\t\t\t\t\t<p class=\"font_8 wixui-rich-text__text translation-block\">\u00ab  De fait, sa musique semble porter en son sein quelque chose de sacr\u00e9, comme une invitation \u00e0 emprunter le sentier qui m\u00e8ne \u00e0 l\u2019extase.\n<br><br>\nRougge, une couleur sang, celle d'un coeur vibrant. \u00bb<\/p><h5>&#8211; <a href=\"https:\/\/www.radiofrance.com\/actualite\/coup-de-coeur-pour-lalbum-solo-c-minor-de-rougge\" target=\"_blank\" rel=\"noopener\"><span style=\"color: #000000;\">RADIOFRANCE<\/span><\/a><\/h5>\t\t\t\t\t\t\t\t<\/div>\n\t\t\t\t\t<\/div>\n\t\t\t\t<\/div>\n\t\t\t\t\t<\/div>\n\t\t\t\t<\/div>\n\t\t<div class=\"elementor-element elementor-element-3fba6455 e-flex e-con-boxed e-con e-parent\" data-id=\"3fba6455\" data-element_type=\"container\" data-e-type=\"container\">\n\t\t\t\t\t<div class=\"e-con-inner\">\n\t\t\t\t<div class=\"elementor-element elementor-element-6c6b3d25 elementor-widget-divider--view-line elementor-widget elementor-widget-divider\" data-id=\"6c6b3d25\" data-element_type=\"widget\" data-e-type=\"widget\" data-widget_type=\"divider.default\">\n\t\t\t\t\t\t\t<div class=\"elementor-divider\">\n\t\t\t<span class=\"elementor-divider-separator\">\n\t\t\t\t\t\t<\/span>\n\t\t<\/div>\n\t\t\t\t\t\t<\/div>\n\t\t\t\t<div class=\"elementor-element elementor-element-36ecc534 elementor-widget elementor-widget-text-editor\" data-id=\"36ecc534\" data-element_type=\"widget\" data-e-type=\"widget\" data-widget_type=\"text-editor.default\">\n\t\t\t\t\t\t\t\t\t<p style=\"text-align: left;\">* <strong>Pourquoi le nom d'une couleur ?<\/strong> <br \/>Pour moi, la couleur est l'\u00e9quivalent visuel de la sensation sonore brute. C'est ce qui est en premier, avant les formes, les objets, les pens\u00e9es, les paroles... Et ma recherche musicale c'est justement d'essayer de vibrer de ces sensations premi\u00e8res du son.<\/p><p><strong>* Pourquoi ce chant aigu et sans paroles ?<\/strong><br \/>Car il me fait vibrer tout le cr\u00e2ne, m'emporte, me rentre en moi, stoppe toute pens\u00e9e et me rend plus sensible.<\/p><p style=\"text-align: left;\"><strong>* Inclassable ?<\/strong><br \/>Quand je compose, quand je joue ma musique, c'est comme si je me diluais en moi-m\u00eame avec cette sensation tr\u00e8s agr\u00e9able \u00e0 la fois de pr\u00e9sent et de vide. Je lui ai donc donn\u00e9 le nom de \"Musique Int\u00e9rieure\", \"Inside Music\".<\/p>\t\t\t\t\t\t\t\t<\/div>\n\t\t\t\t\t<\/div>\n\t\t\t\t<\/div>\n\t\t<div class=\"elementor-element elementor-element-c565eb2 e-flex e-con-boxed e-con e-parent\" data-id=\"c565eb2\" data-element_type=\"container\" data-e-type=\"container\">\n\t\t\t\t\t<div class=\"e-con-inner\">\n\t\t\t\t<div class=\"elementor-element elementor-element-c1853f7 elementor-widget__width-initial elementor-widget elementor-widget-video\" data-id=\"c1853f7\" data-element_type=\"widget\" data-e-type=\"widget\" data-settings=\"{&quot;youtube_url&quot;:&quot;https:\\\/\\\/youtu.be\\\/De9iPenDr3Y&quot;,&quot;video_type&quot;:&quot;youtube&quot;,&quot;controls&quot;:&quot;yes&quot;}\" data-widget_type=\"video.default\">\n\t\t\t\t\t\t\t<div class=\"elementor-wrapper elementor-open-inline\">\n\t\t\t<div class=\"elementor-video\"><\/div>\t\t<\/div>\n\t\t\t\t\t\t<\/div>\n\t\t\t\t\t<\/div>\n\t\t\t\t<\/div>\n\t\t\t\t<\/div>","protected":false},"excerpt":{"rendered":"<p>About ROUGGE : a ethereal singing, freed from words, sentences, only accompanied by his piano. Raw emotions. He recorded what [&hellip;]<\/p>\n","protected":false},"author":2,"featured_media":78,"parent":0,"menu_order":0,"comment_status":"closed","ping_status":"closed","template":"","meta":{"site-sidebar-layout":"no-sidebar","site-content-layout":"","ast-site-content-layout":"full-width-container","site-content-style":"default","site-sidebar-style":"default","ast-global-header-display":"","ast-banner-title-visibility":"","ast-main-header-display":"","ast-hfb-above-header-display":"","ast-hfb-below-header-display":"","ast-hfb-mobile-header-display":"","site-post-title":"","ast-breadcrumbs-content":"","ast-featured-img":"disabled","footer-sml-layout":"","ast-disable-related-posts":"","theme-transparent-header-meta":"","adv-header-id-meta":"","stick-header-meta":"","header-above-stick-meta":"","header-main-stick-meta":"","header-below-stick-meta":"","astra-migrate-meta-layouts":"default","ast-page-background-enabled":"default","ast-page-background-meta":{"desktop":{"background-color":"var(--ast-global-color-5)","background-image":"","background-repeat":"repeat","background-position":"center center","background-size":"auto","background-attachment":"scroll","background-type":"","background-media":"","overlay-type":"","overlay-color":"","overlay-opacity":"","overlay-gradient":""},"tablet":{"background-color":"","background-image":"","background-repeat":"repeat","background-position":"center center","background-size":"auto","background-attachment":"scroll","background-type":"","background-media":"","overlay-type":"","overlay-color":"","overlay-opacity":"","overlay-gradient":""},"mobile":{"background-color":"","background-image":"","background-repeat":"repeat","background-position":"center center","background-size":"auto","background-attachment":"scroll","background-type":"","background-media":"","overlay-type":"","overlay-color":"","overlay-opacity":"","overlay-gradient":""}},"ast-content-background-meta":{"desktop":{"background-color":"var(--ast-global-color-4)","background-image":"","background-repeat":"repeat","background-position":"center center","background-size":"auto","background-attachment":"scroll","background-type":"","background-media":"","overlay-type":"","overlay-color":"","overlay-opacity":"","overlay-gradient":""},"tablet":{"background-color":"var(--ast-global-color-4)","background-image":"","background-repeat":"repeat","background-position":"center center","background-size":"auto","background-attachment":"scroll","background-type":"","background-media":"","overlay-type":"","overlay-color":"","overlay-opacity":"","overlay-gradient":""},"mobile":{"background-color":"var(--ast-global-color-4)","background-image":"","background-repeat":"repeat","background-position":"center center","background-size":"auto","background-attachment":"scroll","background-type":"","background-media":"","overlay-type":"","overlay-color":"","overlay-opacity":"","overlay-gradient":""}},"footnotes":""},"class_list":["post-71","page","type-page","status-publish","has-post-thumbnail","hentry"],"yoast_head":"<!-- This site is optimized with the Yoast SEO plugin v27.5 - https:\/\/yoast.com\/product\/yoast-seo-wordpress\/ -->\n<title>High-Pitched Male Pianist and Singer \u2013 Rougge\u2019s Music<\/title>\n<meta name=\"description\" content=\"Discover the high-pitched male pianist and singer whose ethereal, wordless music blends raw emotion with intimate, fragile piano tones.\" \/>\n<meta name=\"robots\" content=\"index, follow, max-snippet:-1, max-image-preview:large, max-video-preview:-1\" \/>\n<link rel=\"canonical\" href=\"https:\/\/rougge.com\/fr\/about\/\" \/>\n<meta property=\"og:locale\" content=\"fr_FR\" \/>\n<meta property=\"og:type\" content=\"article\" \/>\n<meta property=\"og:title\" content=\"High-Pitched Male Pianist and Singer \u2013 Rougge\u2019s Music\" \/>\n<meta property=\"og:description\" content=\"Discover the high-pitched male pianist and singer whose ethereal, wordless music blends raw emotion with intimate, fragile piano tones.\" \/>\n<meta property=\"og:url\" content=\"https:\/\/rougge.com\/fr\/about\/\" \/>\n<meta property=\"og:site_name\" content=\"Inside Music by Rougge\" \/>\n<meta property=\"article:modified_time\" content=\"2025-11-22T09:50:56+00:00\" \/>\n<meta property=\"og:image\" content=\"https:\/\/rougge.com\/wp-content\/uploads\/2025\/10\/imgi_1_dfd261_8c2dd4fa495e47458e2562326c25fb6cmv2.jpg\" \/>\n\t<meta property=\"og:image:width\" content=\"1901\" \/>\n\t<meta property=\"og:image:height\" content=\"693\" \/>\n\t<meta property=\"og:image:type\" content=\"image\/jpeg\" \/>\n<meta name=\"twitter:card\" content=\"summary_large_image\" \/>\n<meta name=\"twitter:label1\" content=\"Dur\u00e9e de lecture estim\u00e9e\" \/>\n\t<meta name=\"twitter:data1\" content=\"2 minutes\" \/>\n<script type=\"application\/ld+json\" class=\"yoast-schema-graph\">{\"@context\":\"https:\\\/\\\/schema.org\",\"@graph\":[{\"@type\":\"WebPage\",\"@id\":\"https:\\\/\\\/rougge.com\\\/fr\\\/about\\\/\",\"url\":\"https:\\\/\\\/rougge.com\\\/fr\\\/about\\\/\",\"name\":\"High-Pitched Male Pianist and Singer \u2013 Rougge\u2019s Music\",\"isPartOf\":{\"@id\":\"https:\\\/\\\/rougge.com\\\/fr\\\/#website\"},\"primaryImageOfPage\":{\"@id\":\"https:\\\/\\\/rougge.com\\\/fr\\\/about\\\/#primaryimage\"},\"image\":{\"@id\":\"https:\\\/\\\/rougge.com\\\/fr\\\/about\\\/#primaryimage\"},\"thumbnailUrl\":\"https:\\\/\\\/rougge.com\\\/wp-content\\\/uploads\\\/2025\\\/10\\\/imgi_1_dfd261_8c2dd4fa495e47458e2562326c25fb6cmv2.jpg\",\"datePublished\":\"2025-10-22T09:13:30+00:00\",\"dateModified\":\"2025-11-22T09:50:56+00:00\",\"description\":\"Discover the high-pitched male pianist and singer whose ethereal, wordless music blends raw emotion with intimate, fragile piano tones.\",\"breadcrumb\":{\"@id\":\"https:\\\/\\\/rougge.com\\\/fr\\\/about\\\/#breadcrumb\"},\"inLanguage\":\"fr-FR\",\"potentialAction\":[{\"@type\":\"ReadAction\",\"target\":[\"https:\\\/\\\/rougge.com\\\/fr\\\/about\\\/\"]}]},{\"@type\":\"ImageObject\",\"inLanguage\":\"fr-FR\",\"@id\":\"https:\\\/\\\/rougge.com\\\/fr\\\/about\\\/#primaryimage\",\"url\":\"https:\\\/\\\/rougge.com\\\/wp-content\\\/uploads\\\/2025\\\/10\\\/imgi_1_dfd261_8c2dd4fa495e47458e2562326c25fb6cmv2.jpg\",\"contentUrl\":\"https:\\\/\\\/rougge.com\\\/wp-content\\\/uploads\\\/2025\\\/10\\\/imgi_1_dfd261_8c2dd4fa495e47458e2562326c25fb6cmv2.jpg\",\"width\":1901,\"height\":693,\"caption\":\"Rougge solo performance on black grand piano\"},{\"@type\":\"BreadcrumbList\",\"@id\":\"https:\\\/\\\/rougge.com\\\/fr\\\/about\\\/#breadcrumb\",\"itemListElement\":[{\"@type\":\"ListItem\",\"position\":1,\"name\":\"Home\",\"item\":\"https:\\\/\\\/rougge.com\\\/\"},{\"@type\":\"ListItem\",\"position\":2,\"name\":\"About\"}]},{\"@type\":\"WebSite\",\"@id\":\"https:\\\/\\\/rougge.com\\\/fr\\\/#website\",\"url\":\"https:\\\/\\\/rougge.com\\\/fr\\\/\",\"name\":\"Inside Music by Rougge\",\"description\":\"piano, voice &amp; emotion\",\"alternateName\":\"Inside Music by Rougge\",\"potentialAction\":[{\"@type\":\"SearchAction\",\"target\":{\"@type\":\"EntryPoint\",\"urlTemplate\":\"https:\\\/\\\/rougge.com\\\/fr\\\/?s={search_term_string}\"},\"query-input\":{\"@type\":\"PropertyValueSpecification\",\"valueRequired\":true,\"valueName\":\"search_term_string\"}}],\"inLanguage\":\"fr-FR\"}]}<\/script>\n<!-- \/ Yoast SEO plugin. -->","yoast_head_json":{"title":"High-Pitched Male Pianist and Singer \u2013 Rougge\u2019s Music","description":"Discover the high-pitched male pianist and singer whose ethereal, wordless music blends raw emotion with intimate, fragile piano tones.","robots":{"index":"index","follow":"follow","max-snippet":"max-snippet:-1","max-image-preview":"max-image-preview:large","max-video-preview":"max-video-preview:-1"},"canonical":"https:\/\/rougge.com\/fr\/about\/","og_locale":"fr_FR","og_type":"article","og_title":"High-Pitched Male Pianist and Singer \u2013 Rougge\u2019s Music","og_description":"Discover the high-pitched male pianist and singer whose ethereal, wordless music blends raw emotion with intimate, fragile piano tones.","og_url":"https:\/\/rougge.com\/fr\/about\/","og_site_name":"Inside Music by Rougge","article_modified_time":"2025-11-22T09:50:56+00:00","og_image":[{"width":1901,"height":693,"url":"https:\/\/rougge.com\/wp-content\/uploads\/2025\/10\/imgi_1_dfd261_8c2dd4fa495e47458e2562326c25fb6cmv2.jpg","type":"image\/jpeg"}],"twitter_card":"summary_large_image","twitter_misc":{"Dur\u00e9e de lecture estim\u00e9e":"2 minutes"},"schema":{"@context":"https:\/\/schema.org","@graph":[{"@type":"WebPage","@id":"https:\/\/rougge.com\/fr\/about\/","url":"https:\/\/rougge.com\/fr\/about\/","name":"High-Pitched Male Pianist and Singer \u2013 Rougge\u2019s Music","isPartOf":{"@id":"https:\/\/rougge.com\/fr\/#website"},"primaryImageOfPage":{"@id":"https:\/\/rougge.com\/fr\/about\/#primaryimage"},"image":{"@id":"https:\/\/rougge.com\/fr\/about\/#primaryimage"},"thumbnailUrl":"https:\/\/rougge.com\/wp-content\/uploads\/2025\/10\/imgi_1_dfd261_8c2dd4fa495e47458e2562326c25fb6cmv2.jpg","datePublished":"2025-10-22T09:13:30+00:00","dateModified":"2025-11-22T09:50:56+00:00","description":"Discover the high-pitched male pianist and singer whose ethereal, wordless music blends raw emotion with intimate, fragile piano tones.","breadcrumb":{"@id":"https:\/\/rougge.com\/fr\/about\/#breadcrumb"},"inLanguage":"fr-FR","potentialAction":[{"@type":"ReadAction","target":["https:\/\/rougge.com\/fr\/about\/"]}]},{"@type":"ImageObject","inLanguage":"fr-FR","@id":"https:\/\/rougge.com\/fr\/about\/#primaryimage","url":"https:\/\/rougge.com\/wp-content\/uploads\/2025\/10\/imgi_1_dfd261_8c2dd4fa495e47458e2562326c25fb6cmv2.jpg","contentUrl":"https:\/\/rougge.com\/wp-content\/uploads\/2025\/10\/imgi_1_dfd261_8c2dd4fa495e47458e2562326c25fb6cmv2.jpg","width":1901,"height":693,"caption":"Rougge solo performance on black grand piano"},{"@type":"BreadcrumbList","@id":"https:\/\/rougge.com\/fr\/about\/#breadcrumb","itemListElement":[{"@type":"ListItem","position":1,"name":"Home","item":"https:\/\/rougge.com\/"},{"@type":"ListItem","position":2,"name":"About"}]},{"@type":"WebSite","@id":"https:\/\/rougge.com\/fr\/#website","url":"https:\/\/rougge.com\/fr\/","name":"Inside Music by Rougge","description":"piano, voice &amp; emotion","alternateName":"Inside Music by Rougge","potentialAction":[{"@type":"SearchAction","target":{"@type":"EntryPoint","urlTemplate":"https:\/\/rougge.com\/fr\/?s={search_term_string}"},"query-input":{"@type":"PropertyValueSpecification","valueRequired":true,"valueName":"search_term_string"}}],"inLanguage":"fr-FR"}]}},"_hostinger_reach_plugin_has_subscription_block":false,"_hostinger_reach_plugin_is_elementor":false,"_links":{"self":[{"href":"https:\/\/rougge.com\/fr\/wp-json\/wp\/v2\/pages\/71","targetHints":{"allow":["GET"]}}],"collection":[{"href":"https:\/\/rougge.com\/fr\/wp-json\/wp\/v2\/pages"}],"about":[{"href":"https:\/\/rougge.com\/fr\/wp-json\/wp\/v2\/types\/page"}],"author":[{"embeddable":true,"href":"https:\/\/rougge.com\/fr\/wp-json\/wp\/v2\/users\/2"}],"replies":[{"embeddable":true,"href":"https:\/\/rougge.com\/fr\/wp-json\/wp\/v2\/comments?post=71"}],"version-history":[{"count":46,"href":"https:\/\/rougge.com\/fr\/wp-json\/wp\/v2\/pages\/71\/revisions"}],"predecessor-version":[{"id":788,"href":"https:\/\/rougge.com\/fr\/wp-json\/wp\/v2\/pages\/71\/revisions\/788"}],"wp:featuredmedia":[{"embeddable":true,"href":"https:\/\/rougge.com\/fr\/wp-json\/wp\/v2\/media\/78"}],"wp:attachment":[{"href":"https:\/\/rougge.com\/fr\/wp-json\/wp\/v2\/media?parent=71"}],"curies":[{"name":"wp","href":"https:\/\/api.w.org\/{rel}","templated":true}]}}