{"id":41,"date":"2025-10-22T06:23:34","date_gmt":"2025-10-22T06:23:34","guid":{"rendered":"https:\/\/green-dugong-976550.hostingersite.com\/?page_id=41"},"modified":"2026-04-16T15:12:19","modified_gmt":"2026-04-16T15:12:19","slug":"inside-music-by-rougge","status":"publish","type":"page","link":"https:\/\/rougge.com\/fr\/","title":{"rendered":"ACCUEIL"},"content":{"rendered":"<div data-elementor-type=\"wp-page\" data-elementor-id=\"41\" class=\"elementor elementor-41\" data-elementor-post-type=\"page\">\n\t\t\t\t<div class=\"elementor-element elementor-element-f842777 e-flex e-con-boxed e-con e-parent\" data-id=\"f842777\" data-element_type=\"container\" data-e-type=\"container\" data-settings=\"{&quot;background_background&quot;:&quot;classic&quot;}\">\n\t\t\t\t\t<div class=\"e-con-inner\">\n\t\t<div class=\"elementor-element elementor-element-f6c7d39 e-con-full e-flex e-con e-child\" data-id=\"f6c7d39\" data-element_type=\"container\" data-e-type=\"container\">\n\t\t\t\t<div class=\"elementor-element elementor-element-48e7b61 elementor-hidden-tablet elementor-hidden-mobile elementor-widget elementor-widget-heading\" data-id=\"48e7b61\" data-element_type=\"widget\" data-e-type=\"widget\" data-widget_type=\"heading.default\">\n\t\t\t\t\t<h1 class=\"elementor-heading-title elementor-size-default\">ROUGGE<\/h1>\t\t\t\t<\/div>\n\t\t\t\t<div class=\"elementor-element elementor-element-615f24d elementor-widget elementor-widget-heading\" data-id=\"615f24d\" data-element_type=\"widget\" data-e-type=\"widget\" data-widget_type=\"heading.default\">\n\t\t\t\t\t<h2 class=\"elementor-heading-title elementor-size-default\">Piano-Voix<\/h2>\t\t\t\t<\/div>\n\t\t\t\t<div class=\"elementor-element elementor-element-f1343d7 elementor-widget elementor-widget-spacer\" data-id=\"f1343d7\" data-element_type=\"widget\" data-e-type=\"widget\" data-widget_type=\"spacer.default\">\n\t\t\t\t\t\t\t<div class=\"elementor-spacer\">\n\t\t\t<div class=\"elementor-spacer-inner\"><\/div>\n\t\t<\/div>\n\t\t\t\t\t\t<\/div>\n\t\t\t\t<div class=\"elementor-element elementor-element-dc6885a elementor-widget elementor-widget-heading\" data-id=\"dc6885a\" data-element_type=\"widget\" data-e-type=\"widget\" data-widget_type=\"heading.default\">\n\t\t\t\t\t<h2 class=\"elementor-heading-title elementor-size-default\">Inside music\n<br>\nMusique int\u00e9rieure<\/h2>\t\t\t\t<\/div>\n\t\t\t\t<\/div>\n\t\t<div class=\"elementor-element elementor-element-23df925 e-con-full e-flex e-con e-child\" data-id=\"23df925\" data-element_type=\"container\" data-e-type=\"container\">\n\t\t\t\t<\/div>\n\t\t\t\t\t<\/div>\n\t\t\t\t<\/div>\n\t\t<div class=\"elementor-element elementor-element-0731684 e-flex e-con-boxed e-con e-parent\" data-id=\"0731684\" data-element_type=\"container\" data-e-type=\"container\">\n\t\t\t\t\t<div class=\"e-con-inner\">\n\t\t\t\t<div class=\"elementor-element elementor-element-3591627 elementor-widget elementor-widget-text-editor\" data-id=\"3591627\" data-element_type=\"widget\" data-e-type=\"widget\" data-widget_type=\"text-editor.default\">\n\t\t\t\t\t\t\t\t\t<div id=\"comp-m0qhksab\" class=\"Z_l5lU ku3DBC zQ9jDz qvSjx3 Vq6kJx comp-m0qhksab wixui-rich-text\" data-testid=\"richTextElement\"><p class=\"font_8 wixui-rich-text__text\" style=\"text-align: left;\"><span class=\"wixui-rich-text__text\" style=\"color: #000000;\"><a style=\"color: #000000;\" href=\"https:\/\/youtu.be\/De9iPenDr3Y\" target=\"_blank\" rel=\"noopener\"><span style=\"text-decoration: underline;\">Inside Music \/ Musique int\u00e9rieure (d\u00e9finition<\/span>)<\/a>\u00a0:<\/span><\/p><\/div><div id=\"comp-m0c2yecu\" class=\"Z_l5lU ku3DBC zQ9jDz qvSjx3 Vq6kJx comp-m0c2yecu wixui-rich-text\" data-testid=\"richTextElement\"><p class=\"font_8 wixui-rich-text__text translation-block\">Cat\u00e9gorie musicale cr\u00e9\u00e9e par le musicien Rougge pour caract\u00e9riser sa propre musique et plus g\u00e9n\u00e9ralement toutes les musiques intimistes qui ne rentrent pas dans une cat\u00e9gorie existante et dont la recherche d'intensit\u00e9 les exclut des musiques d'ambiance. Elles proposent une exp\u00e9rience sensorielle, sorte de plong\u00e9e dans l'int\u00e9rieur n\u00e9cessitant un grand silence et qui rend leur \u00e9coute prolong\u00e9e, leurs passages radios et dans les z\u00e9niths, et leur placement dans les playlists \u00ab soir\u00e9es entre amis \u00bb en g\u00e9n\u00e9ral impossibles.\n<br><br>\nCe sont des musiques pour la grande communaut\u00e9 des \u00e2mes sensibles, dispers\u00e9es \u00e0 travers le monde et pr\u00eates \u00e0 se poser seules un casque sur les oreilles, ou dans une douce salle obscure ou un jardin cr\u00e9pusculaire, pour arr\u00eater quelques instants l'agitation des d\u00e9cibels, des pas, des modes, des discours. Et un moment ne ressentir peut-\u00eatre juste qu'un peu du fond de nous.<\/p><\/div>\t\t\t\t\t\t\t\t<\/div>\n\t\t\t\t\t<\/div>\n\t\t\t\t<\/div>\n\t\t\t\t<\/div>","protected":false},"excerpt":{"rendered":"<p>ROUGGE Piano-Voice Inside music Musique int\u00e9rieure Inside Music \/ Musique int\u00e9rieure (definition)\u00a0: Musical category created by the musician Rougge to [&hellip;]<\/p>\n","protected":false},"author":1,"featured_media":51,"parent":0,"menu_order":0,"comment_status":"closed","ping_status":"closed","template":"","meta":{"site-sidebar-layout":"no-sidebar","site-content-layout":"","ast-site-content-layout":"full-width-container","site-content-style":"default","site-sidebar-style":"default","ast-global-header-display":"","ast-banner-title-visibility":"","ast-main-header-display":"","ast-hfb-above-header-display":"","ast-hfb-below-header-display":"","ast-hfb-mobile-header-display":"","site-post-title":"disabled","ast-breadcrumbs-content":"","ast-featured-img":"disabled","footer-sml-layout":"","ast-disable-related-posts":"","theme-transparent-header-meta":"","adv-header-id-meta":"","stick-header-meta":"","header-above-stick-meta":"","header-main-stick-meta":"","header-below-stick-meta":"","astra-migrate-meta-layouts":"default","ast-page-background-enabled":"default","ast-page-background-meta":{"desktop":{"background-color":"var(--ast-global-color-5)","background-image":"","background-repeat":"repeat","background-position":"center center","background-size":"auto","background-attachment":"scroll","background-type":"","background-media":"","overlay-type":"","overlay-color":"","overlay-opacity":"","overlay-gradient":""},"tablet":{"background-color":"","background-image":"","background-repeat":"repeat","background-position":"center center","background-size":"auto","background-attachment":"scroll","background-type":"","background-media":"","overlay-type":"","overlay-color":"","overlay-opacity":"","overlay-gradient":""},"mobile":{"background-color":"","background-image":"","background-repeat":"repeat","background-position":"center center","background-size":"auto","background-attachment":"scroll","background-type":"","background-media":"","overlay-type":"","overlay-color":"","overlay-opacity":"","overlay-gradient":""}},"ast-content-background-meta":{"desktop":{"background-color":"var(--ast-global-color-4)","background-image":"","background-repeat":"repeat","background-position":"center center","background-size":"auto","background-attachment":"scroll","background-type":"","background-media":"","overlay-type":"","overlay-color":"","overlay-opacity":"","overlay-gradient":""},"tablet":{"background-color":"var(--ast-global-color-4)","background-image":"","background-repeat":"repeat","background-position":"center center","background-size":"auto","background-attachment":"scroll","background-type":"","background-media":"","overlay-type":"","overlay-color":"","overlay-opacity":"","overlay-gradient":""},"mobile":{"background-color":"var(--ast-global-color-4)","background-image":"","background-repeat":"repeat","background-position":"center center","background-size":"auto","background-attachment":"scroll","background-type":"","background-media":"","overlay-type":"","overlay-color":"","overlay-opacity":"","overlay-gradient":""}},"footnotes":""},"class_list":["post-41","page","type-page","status-publish","has-post-thumbnail","hentry"],"yoast_head":"<!-- This site is optimized with the Yoast SEO plugin v27.5 - https:\/\/yoast.com\/product\/yoast-seo-wordpress\/ -->\n<title>Inside Music by Rougge \u2013 Piano &amp; Voice<\/title>\n<meta name=\"description\" content=\"ROUGGE creates intimate piano &amp; voice music where the human voice becomes an instrument. Discover Inside Music.\" \/>\n<meta name=\"robots\" content=\"index, follow, max-snippet:-1, max-image-preview:large, max-video-preview:-1\" \/>\n<link rel=\"canonical\" href=\"https:\/\/rougge.com\/fr\/\" \/>\n<meta property=\"og:locale\" content=\"fr_FR\" \/>\n<meta property=\"og:type\" content=\"article\" \/>\n<meta property=\"og:title\" content=\"Inside Music by Rougge \u2013 Piano &amp; Voice\" \/>\n<meta property=\"og:description\" content=\"ROUGGE creates intimate piano &amp; voice music where the human voice becomes an instrument. Discover Inside Music.\" \/>\n<meta property=\"og:url\" content=\"https:\/\/rougge.com\/fr\/\" \/>\n<meta property=\"og:site_name\" content=\"Inside Music by Rougge\" \/>\n<meta property=\"article:modified_time\" content=\"2026-04-16T15:12:19+00:00\" \/>\n<meta property=\"og:image\" content=\"https:\/\/rougge.com\/wp-content\/uploads\/2025\/10\/imgi_1_dfd261_e5d95ec821d04cf3894ff80ceaf46320mv2.jpg\" \/>\n\t<meta property=\"og:image:width\" content=\"1901\" \/>\n\t<meta property=\"og:image:height\" content=\"674\" \/>\n\t<meta property=\"og:image:type\" content=\"image\/jpeg\" \/>\n<meta name=\"twitter:card\" content=\"summary_large_image\" \/>\n<meta name=\"twitter:label1\" content=\"Dur\u00e9e de lecture estim\u00e9e\" \/>\n\t<meta name=\"twitter:data1\" content=\"1 minute\" \/>\n<script type=\"application\/ld+json\" class=\"yoast-schema-graph\">{\"@context\":\"https:\\\/\\\/schema.org\",\"@graph\":[{\"@type\":\"WebPage\",\"@id\":\"https:\\\/\\\/rougge.com\\\/\",\"url\":\"https:\\\/\\\/rougge.com\\\/\",\"name\":\"Inside Music by Rougge \u2013 Piano & Voice\",\"isPartOf\":{\"@id\":\"https:\\\/\\\/rougge.com\\\/fr\\\/#website\"},\"primaryImageOfPage\":{\"@id\":\"https:\\\/\\\/rougge.com\\\/#primaryimage\"},\"image\":{\"@id\":\"https:\\\/\\\/rougge.com\\\/#primaryimage\"},\"thumbnailUrl\":\"https:\\\/\\\/rougge.com\\\/wp-content\\\/uploads\\\/2025\\\/10\\\/imgi_1_dfd261_e5d95ec821d04cf3894ff80ceaf46320mv2.jpg\",\"datePublished\":\"2025-10-22T06:23:34+00:00\",\"dateModified\":\"2026-04-16T15:12:19+00:00\",\"description\":\"ROUGGE creates intimate piano & voice music where the human voice becomes an instrument. Discover Inside Music.\",\"breadcrumb\":{\"@id\":\"https:\\\/\\\/rougge.com\\\/#breadcrumb\"},\"inLanguage\":\"fr-FR\",\"potentialAction\":[{\"@type\":\"ReadAction\",\"target\":[\"https:\\\/\\\/rougge.com\\\/\"]}]},{\"@type\":\"ImageObject\",\"inLanguage\":\"fr-FR\",\"@id\":\"https:\\\/\\\/rougge.com\\\/#primaryimage\",\"url\":\"https:\\\/\\\/rougge.com\\\/wp-content\\\/uploads\\\/2025\\\/10\\\/imgi_1_dfd261_e5d95ec821d04cf3894ff80ceaf46320mv2.jpg\",\"contentUrl\":\"https:\\\/\\\/rougge.com\\\/wp-content\\\/uploads\\\/2025\\\/10\\\/imgi_1_dfd261_e5d95ec821d04cf3894ff80ceaf46320mv2.jpg\",\"width\":1901,\"height\":674,\"caption\":\"Inside Music by Rougge\"},{\"@type\":\"BreadcrumbList\",\"@id\":\"https:\\\/\\\/rougge.com\\\/#breadcrumb\",\"itemListElement\":[{\"@type\":\"ListItem\",\"position\":1,\"name\":\"Home\",\"item\":\"https:\\\/\\\/rougge.com\\\/\"},{\"@type\":\"ListItem\",\"position\":2,\"name\":\"Home\"}]},{\"@type\":\"WebSite\",\"@id\":\"https:\\\/\\\/rougge.com\\\/fr\\\/#website\",\"url\":\"https:\\\/\\\/rougge.com\\\/fr\\\/\",\"name\":\"Inside Music by Rougge\",\"description\":\"piano, voice &amp; emotion\",\"alternateName\":\"Inside Music by Rougge\",\"potentialAction\":[{\"@type\":\"SearchAction\",\"target\":{\"@type\":\"EntryPoint\",\"urlTemplate\":\"https:\\\/\\\/rougge.com\\\/fr\\\/?s={search_term_string}\"},\"query-input\":{\"@type\":\"PropertyValueSpecification\",\"valueRequired\":true,\"valueName\":\"search_term_string\"}}],\"inLanguage\":\"fr-FR\"}]}<\/script>\n<!-- \/ Yoast SEO plugin. -->","yoast_head_json":{"title":"Inside Music by Rougge \u2013 Piano & Voice","description":"ROUGGE creates intimate piano & voice music where the human voice becomes an instrument. Discover Inside Music.","robots":{"index":"index","follow":"follow","max-snippet":"max-snippet:-1","max-image-preview":"max-image-preview:large","max-video-preview":"max-video-preview:-1"},"canonical":"https:\/\/rougge.com\/fr\/","og_locale":"fr_FR","og_type":"article","og_title":"Inside Music by Rougge \u2013 Piano & Voice","og_description":"ROUGGE creates intimate piano & voice music where the human voice becomes an instrument. Discover Inside Music.","og_url":"https:\/\/rougge.com\/fr\/","og_site_name":"Inside Music by Rougge","article_modified_time":"2026-04-16T15:12:19+00:00","og_image":[{"width":1901,"height":674,"url":"https:\/\/rougge.com\/wp-content\/uploads\/2025\/10\/imgi_1_dfd261_e5d95ec821d04cf3894ff80ceaf46320mv2.jpg","type":"image\/jpeg"}],"twitter_card":"summary_large_image","twitter_misc":{"Dur\u00e9e de lecture estim\u00e9e":"1 minute"},"schema":{"@context":"https:\/\/schema.org","@graph":[{"@type":"WebPage","@id":"https:\/\/rougge.com\/","url":"https:\/\/rougge.com\/","name":"Inside Music by Rougge \u2013 Piano & Voice","isPartOf":{"@id":"https:\/\/rougge.com\/fr\/#website"},"primaryImageOfPage":{"@id":"https:\/\/rougge.com\/#primaryimage"},"image":{"@id":"https:\/\/rougge.com\/#primaryimage"},"thumbnailUrl":"https:\/\/rougge.com\/wp-content\/uploads\/2025\/10\/imgi_1_dfd261_e5d95ec821d04cf3894ff80ceaf46320mv2.jpg","datePublished":"2025-10-22T06:23:34+00:00","dateModified":"2026-04-16T15:12:19+00:00","description":"ROUGGE creates intimate piano & voice music where the human voice becomes an instrument. Discover Inside Music.","breadcrumb":{"@id":"https:\/\/rougge.com\/#breadcrumb"},"inLanguage":"fr-FR","potentialAction":[{"@type":"ReadAction","target":["https:\/\/rougge.com\/"]}]},{"@type":"ImageObject","inLanguage":"fr-FR","@id":"https:\/\/rougge.com\/#primaryimage","url":"https:\/\/rougge.com\/wp-content\/uploads\/2025\/10\/imgi_1_dfd261_e5d95ec821d04cf3894ff80ceaf46320mv2.jpg","contentUrl":"https:\/\/rougge.com\/wp-content\/uploads\/2025\/10\/imgi_1_dfd261_e5d95ec821d04cf3894ff80ceaf46320mv2.jpg","width":1901,"height":674,"caption":"Inside Music by Rougge"},{"@type":"BreadcrumbList","@id":"https:\/\/rougge.com\/#breadcrumb","itemListElement":[{"@type":"ListItem","position":1,"name":"Home","item":"https:\/\/rougge.com\/"},{"@type":"ListItem","position":2,"name":"Home"}]},{"@type":"WebSite","@id":"https:\/\/rougge.com\/fr\/#website","url":"https:\/\/rougge.com\/fr\/","name":"Inside Music by Rougge","description":"piano, voice &amp; emotion","alternateName":"Inside Music by Rougge","potentialAction":[{"@type":"SearchAction","target":{"@type":"EntryPoint","urlTemplate":"https:\/\/rougge.com\/fr\/?s={search_term_string}"},"query-input":{"@type":"PropertyValueSpecification","valueRequired":true,"valueName":"search_term_string"}}],"inLanguage":"fr-FR"}]}},"_hostinger_reach_plugin_has_subscription_block":false,"_hostinger_reach_plugin_is_elementor":false,"_links":{"self":[{"href":"https:\/\/rougge.com\/fr\/wp-json\/wp\/v2\/pages\/41","targetHints":{"allow":["GET"]}}],"collection":[{"href":"https:\/\/rougge.com\/fr\/wp-json\/wp\/v2\/pages"}],"about":[{"href":"https:\/\/rougge.com\/fr\/wp-json\/wp\/v2\/types\/page"}],"author":[{"embeddable":true,"href":"https:\/\/rougge.com\/fr\/wp-json\/wp\/v2\/users\/1"}],"replies":[{"embeddable":true,"href":"https:\/\/rougge.com\/fr\/wp-json\/wp\/v2\/comments?post=41"}],"version-history":[{"count":63,"href":"https:\/\/rougge.com\/fr\/wp-json\/wp\/v2\/pages\/41\/revisions"}],"predecessor-version":[{"id":919,"href":"https:\/\/rougge.com\/fr\/wp-json\/wp\/v2\/pages\/41\/revisions\/919"}],"wp:featuredmedia":[{"embeddable":true,"href":"https:\/\/rougge.com\/fr\/wp-json\/wp\/v2\/media\/51"}],"wp:attachment":[{"href":"https:\/\/rougge.com\/fr\/wp-json\/wp\/v2\/media?parent=41"}],"curies":[{"name":"wp","href":"https:\/\/api.w.org\/{rel}","templated":true}]}}