{"id":332,"date":"2025-10-23T15:52:34","date_gmt":"2025-10-23T15:52:34","guid":{"rendered":"https:\/\/green-dugong-976550.hostingersite.com\/?page_id=332"},"modified":"2025-10-23T15:55:15","modified_gmt":"2025-10-23T15:55:15","slug":"privacy-policy-2","status":"publish","type":"page","link":"https:\/\/rougge.com\/fr\/privacy-policy-2\/","title":{"rendered":"Privacy Policy"},"content":{"rendered":"<div data-elementor-type=\"wp-page\" data-elementor-id=\"332\" class=\"elementor elementor-332\" data-elementor-post-type=\"page\">\n\t\t\t\t<div class=\"elementor-element elementor-element-7ea18a4 e-flex e-con-boxed e-con e-parent\" data-id=\"7ea18a4\" data-element_type=\"container\" data-e-type=\"container\">\n\t\t\t\t\t<div class=\"e-con-inner\">\n\t\t\t\t<div class=\"elementor-element elementor-element-f8d2e5b elementor-widget elementor-widget-text-editor\" data-id=\"f8d2e5b\" data-element_type=\"widget\" data-e-type=\"widget\" data-widget_type=\"text-editor.default\">\n\t\t\t\t\t\t\t\t\t<div id=\"bgLayers_comp-m0mca0xe\" class=\"MW5IWV\" data-hook=\"bgLayers\" data-motion-part=\"BG_LAYER comp-m0mca0xe\"><div id=\"bgMedia_comp-m0mca0xe\" class=\"VgO9Yg translation-block\" data-motion-part=\"BG_MEDIA comp-m0mca0xe\">Politique de Confidentialit\u00e9 pour ROUGGE - Official website<\/div><\/div><div class=\"\" data-mesh-id=\"comp-m0mca0xeinlineContent\" data-testid=\"inline-content\"><div data-mesh-id=\"comp-m0mca0xeinlineContent-gridContainer\" data-testid=\"mesh-container-content\"><div id=\"comp-m0mca0ye\" class=\"Z_l5lU ku3DBC zQ9jDz qvSjx3 Vq6kJx comp-m0mca0ye wixui-rich-text\" data-testid=\"richTextElement\"><p class=\"font_8 wixui-rich-text__text\"><span class=\"wixui-rich-text__text\">Date d'entr\u00e9e en vigueur : 12\/11\/2024<\/span><\/p><p class=\"font_8 wixui-rich-text__text translation-block\">Chez ROUGGE - Official website (le \"Site\"), nous nous engageons \u00e0 prot\u00e9ger votre vie priv\u00e9e. Cette Politique de Confidentialit\u00e9 d\u00e9crit comment nous collectons, utilisons, divulguons et prot\u00e9geons vos informations lorsque vous visitez notre site ou utilisez nos services.<\/p><p class=\"font_8 wixui-rich-text__text\"><span style=\"text-decoration: underline;\"><strong><span class=\"wixui-rich-text__text\">1. Informations que nous collectons :<\/span><\/strong><\/span><\/p><p class=\"font_8 wixui-rich-text__text\"><span class=\"wixui-rich-text__text\">Nous pouvons collecter les types d'informations suivants :<\/span><\/p><ul class=\"font_8 wixui-rich-text__text\"><li class=\"wixui-rich-text__text\"><p class=\"font_8 wixui-rich-text__text\"><span class=\"wixui-rich-text__text\">Informations Personnelles : Nom, adresse e-mail et toute autre information que vous fournissez lors de votre inscription ou lorsque vous interagissez avec notre Site.<\/span><\/p><\/li><li class=\"wixui-rich-text__text\"><p class=\"font_8 wixui-rich-text__text\"><span class=\"wixui-rich-text__text\">Donn\u00e9es d'Utilisation : Informations sur la mani\u00e8re dont vous utilisez notre Site, y compris votre adresse IP, le type de navigateur, la page de r\u00e9f\u00e9rence et les pages que vous visitez.<\/span><\/p><\/li><li class=\"wixui-rich-text__text\"><p class=\"font_8 wixui-rich-text__text\"><span class=\"wixui-rich-text__text\">Cookies : Nous pouvons utiliser des cookies et des technologies de suivi similaires pour am\u00e9liorer votre exp\u00e9rience sur notre Site. Vous pouvez contr\u00f4ler vos pr\u00e9f\u00e9rences en mati\u00e8re de cookies via les param\u00e8tres de votre navigateur.<\/span>\u00a0<\/p><\/li><\/ul><p class=\"font_8 wixui-rich-text__text\"><span style=\"text-decoration: underline;\"><strong><span class=\"wixui-rich-text__text\">2. Comment nous Utilisons Vos Informations :<\/span><\/strong><\/span><\/p><p class=\"font_8 wixui-rich-text__text\"><span class=\"wixui-rich-text__text\">Nous pouvons utiliser les informations que nous collectons \u00e0 diverses fins, notamment pour :<\/span><\/p><ul class=\"font_8 wixui-rich-text__text\"><li class=\"wixui-rich-text__text\"><p class=\"font_8 wixui-rich-text__text\"><span class=\"wixui-rich-text__text\">Fournir, maintenir et am\u00e9liorer nos services.<\/span><\/p><\/li><li class=\"wixui-rich-text__text\"><p class=\"font_8 wixui-rich-text__text\"><span class=\"wixui-rich-text__text\">Communiquer avec vous, y compris en r\u00e9pondant \u00e0 vos demandes.<\/span><\/p><\/li><li class=\"wixui-rich-text__text\"><p class=\"font_8 wixui-rich-text__text\"><span class=\"wixui-rich-text__text\">Personnaliser votre exp\u00e9rience sur notre Site.<\/span><\/p><\/li><li class=\"wixui-rich-text__text\"><p class=\"font_8 wixui-rich-text__text\"><span class=\"wixui-rich-text__text\">Vous envoyer des newsletters, des communications marketing et d'autres informations susceptibles de vous int\u00e9resser.<\/span><\/p><\/li><li class=\"wixui-rich-text__text\"><p class=\"font_8 wixui-rich-text__text\"><span class=\"wixui-rich-text__text\">Surveiller l'utilisation de notre Site et analyser les tendances pour am\u00e9liorer l'exp\u00e9rience utilisateur.<\/span>\u00a0<\/p><\/li><\/ul><p class=\"font_8 wixui-rich-text__text\"><span style=\"text-decoration: underline;\"><strong><span class=\"wixui-rich-text__text\">3. Partage de Vos Informations :<\/span><\/strong><\/span><\/p><p class=\"font_8 wixui-rich-text__text\"><span class=\"wixui-rich-text__text\">Nous ne vendons, n'\u00e9changeons ni ne transf\u00e9rons autrement vos informations personnelles \u00e0 des tiers sans votre consentement, sauf dans les circonstances suivantes :<\/span><\/p><ul class=\"font_8 wixui-rich-text__text\"><li class=\"wixui-rich-text__text\"><p class=\"font_8 wixui-rich-text__text\"><span class=\"wixui-rich-text__text\">Fournisseurs de Services : Nous pouvons partager vos informations avec des prestataires de services tiers qui nous aident \u00e0 faire fonctionner notre site ou \u00e0 mener nos activit\u00e9s.<\/span><\/p><\/li><li class=\"wixui-rich-text__text\"><p class=\"font_8 wixui-rich-text__text\"><span class=\"wixui-rich-text__text\">Conformit\u00e9 L\u00e9gale : Nous pouvons divulguer vos informations si cela est requis par la loi ou en r\u00e9ponse \u00e0 des demandes valides des autorit\u00e9s publiques.<\/span>\u00a0<\/p><\/li><\/ul><p class=\"font_8 wixui-rich-text__text\"><span style=\"text-decoration: underline;\"><strong><span class=\"wixui-rich-text__text\">4. S\u00e9curit\u00e9 des Donn\u00e9es :<\/span><\/strong><\/span><\/p><p class=\"font_8 wixui-rich-text__text\"><span class=\"wixui-rich-text__text\">Nous prenons des mesures raisonnables pour prot\u00e9ger vos informations contre tout acc\u00e8s, utilisation ou divulgation non autoris\u00e9s. Cependant, veuillez noter qu'aucun mode de transmission sur Internet ou m\u00e9thode de stockage \u00e9lectronique n'est 100 % s\u00e9curis\u00e9.<\/span><\/p><p class=\"font_8 wixui-rich-text__text\"><span style=\"text-decoration: underline;\"><strong><span class=\"wixui-rich-text__text\">5. Vos Droits :<\/span><\/strong><\/span><\/p><p class=\"font_8 wixui-rich-text__text\"><span class=\"wixui-rich-text__text\">En fonction de votre lieu de r\u00e9sidence et des lois applicables, vous pouvez avoir les droits suivants concernant vos donn\u00e9es personnelles :<\/span><\/p><ul class=\"font_8 wixui-rich-text__text\"><li class=\"wixui-rich-text__text\"><p class=\"font_8 wixui-rich-text__text\"><span class=\"wixui-rich-text__text\">Le droit d'acc\u00e9der \u00e0 vos donn\u00e9es personnelles.<\/span><\/p><\/li><li class=\"wixui-rich-text__text\"><p class=\"font_8 wixui-rich-text__text\"><span class=\"wixui-rich-text__text\">Le droit de demander la correction de donn\u00e9es inexactes.<\/span><\/p><\/li><li class=\"wixui-rich-text__text\"><p class=\"font_8 wixui-rich-text__text\"><span class=\"wixui-rich-text__text\">Le droit de demander la suppression de vos donn\u00e9es personnelles.<\/span><\/p><\/li><li class=\"wixui-rich-text__text\"><p class=\"font_8 wixui-rich-text__text\"><span class=\"wixui-rich-text__text\">Le droit de s'opposer \u00e0 un traitement ou de demander la limitation d'un traitement.<\/span><\/p><\/li><\/ul><p class=\"font_8 wixui-rich-text__text\"><span class=\"wixui-rich-text__text\">Pour exercer l'un de ces droits, veuillez nous contacter en utilisant les informations fournies ci-dessous.<\/span><\/p><p class=\"font_8 wixui-rich-text__text\"><span style=\"text-decoration: underline;\"><strong><span class=\"wixui-rich-text__text\">6. Liens de Tiers :<\/span><\/strong><\/span><\/p><p class=\"font_8 wixui-rich-text__text\"><span class=\"wixui-rich-text__text\">Notre Site peut contenir des liens vers des sites web tiers. Nous ne sommes pas responsables des pratiques de confidentialit\u00e9 ou du contenu de ces sites. Nous vous encourageons \u00e0 consulter les politiques de confidentialit\u00e9 de tout site tiers que vous visitez.<\/span><\/p><p class=\"font_8 wixui-rich-text__text\"><span style=\"text-decoration: underline;\"><strong><span class=\"wixui-rich-text__text\">7. Modifications de Cette Politique de Confidentialit\u00e9 :<\/span><\/strong><\/span><\/p><p class=\"font_8 wixui-rich-text__text\"><span class=\"wixui-rich-text__text\">Nous pouvons mettre \u00e0 jour notre Politique de Confidentialit\u00e9 de temps \u00e0 autre. Nous vous informerons de toute modification en publiant la nouvelle Politique de Confidentialit\u00e9 sur cette page. Il vous incombe de consulter p\u00e9riodiquement cette Politique de Confidentialit\u00e9 pour tout changement.<\/span><\/p><p class=\"font_8 wixui-rich-text__text\"><span style=\"text-decoration: underline;\"><strong><span class=\"wixui-rich-text__text\">8. Contactez-nous :<\/span><\/strong><\/span><\/p><p class=\"font_8 wixui-rich-text__text\"><span class=\"wixui-rich-text__text\">Si vous avez des questions ou des pr\u00e9occupations concernant cette Politique de Confidentialit\u00e9, veuillez nous contacter \u00e0 :<\/span><\/p><p class=\"font_8 wixui-rich-text__text\"><span class=\"wixui-rich-text__text\">Rougge Production<br class=\"wixui-rich-text__text\" \/>31, rue de Malz\u00e9ville<br class=\"wixui-rich-text__text\" \/>54000 NANCY<\/span><\/p><p class=\"font_8 wixui-rich-text__text\"><span class=\"wixui-rich-text__text\"><a class=\"wixui-rich-text__text\" href=\"mailto:contactrougge@gmail.com\" data-auto-recognition=\"true\">contactrougge@gmail.com<\/a><\/span><\/p><\/div><\/div><\/div>\t\t\t\t\t\t\t\t<\/div>\n\t\t\t\t\t<\/div>\n\t\t\t\t<\/div>\n\t\t\t\t<\/div>","protected":false},"excerpt":{"rendered":"<p>Privacy Policy for ROUGGE &#8211; Official website Effective Date: 12\/11\/2024 At\u00a0ROUGGE &#8211; Official website (the &#8220;Site&#8221;), we are committed to [&hellip;]<\/p>\n","protected":false},"author":2,"featured_media":0,"parent":0,"menu_order":0,"comment_status":"closed","ping_status":"closed","template":"","meta":{"site-sidebar-layout":"no-sidebar","site-content-layout":"","ast-site-content-layout":"full-width-container","site-content-style":"default","site-sidebar-style":"default","ast-global-header-display":"","ast-banner-title-visibility":"","ast-main-header-display":"","ast-hfb-above-header-display":"","ast-hfb-below-header-display":"","ast-hfb-mobile-header-display":"","site-post-title":"","ast-breadcrumbs-content":"","ast-featured-img":"disabled","footer-sml-layout":"","ast-disable-related-posts":"","theme-transparent-header-meta":"","adv-header-id-meta":"","stick-header-meta":"","header-above-stick-meta":"","header-main-stick-meta":"","header-below-stick-meta":"","astra-migrate-meta-layouts":"default","ast-page-background-enabled":"default","ast-page-background-meta":{"desktop":{"background-color":"var(--ast-global-color-5)","background-image":"","background-repeat":"repeat","background-position":"center center","background-size":"auto","background-attachment":"scroll","background-type":"","background-media":"","overlay-type":"","overlay-color":"","overlay-opacity":"","overlay-gradient":""},"tablet":{"background-color":"","background-image":"","background-repeat":"repeat","background-position":"center center","background-size":"auto","background-attachment":"scroll","background-type":"","background-media":"","overlay-type":"","overlay-color":"","overlay-opacity":"","overlay-gradient":""},"mobile":{"background-color":"","background-image":"","background-repeat":"repeat","background-position":"center center","background-size":"auto","background-attachment":"scroll","background-type":"","background-media":"","overlay-type":"","overlay-color":"","overlay-opacity":"","overlay-gradient":""}},"ast-content-background-meta":{"desktop":{"background-color":"var(--ast-global-color-4)","background-image":"","background-repeat":"repeat","background-position":"center center","background-size":"auto","background-attachment":"scroll","background-type":"","background-media":"","overlay-type":"","overlay-color":"","overlay-opacity":"","overlay-gradient":""},"tablet":{"background-color":"var(--ast-global-color-4)","background-image":"","background-repeat":"repeat","background-position":"center center","background-size":"auto","background-attachment":"scroll","background-type":"","background-media":"","overlay-type":"","overlay-color":"","overlay-opacity":"","overlay-gradient":""},"mobile":{"background-color":"var(--ast-global-color-4)","background-image":"","background-repeat":"repeat","background-position":"center center","background-size":"auto","background-attachment":"scroll","background-type":"","background-media":"","overlay-type":"","overlay-color":"","overlay-opacity":"","overlay-gradient":""}},"footnotes":""},"class_list":["post-332","page","type-page","status-publish","hentry"],"yoast_head":"<!-- This site is optimized with the Yoast SEO plugin v27.5 - https:\/\/yoast.com\/product\/yoast-seo-wordpress\/ -->\n<title>Privacy Policy - Inside Music by Rougge<\/title>\n<meta name=\"robots\" content=\"index, follow, max-snippet:-1, max-image-preview:large, max-video-preview:-1\" \/>\n<link rel=\"canonical\" href=\"https:\/\/rougge.com\/fr\/privacy-policy-2\/\" \/>\n<meta property=\"og:locale\" content=\"fr_FR\" \/>\n<meta property=\"og:type\" content=\"article\" \/>\n<meta property=\"og:title\" content=\"Privacy Policy - Inside Music by Rougge\" \/>\n<meta property=\"og:description\" content=\"Privacy Policy for ROUGGE &#8211; Official website Effective Date: 12\/11\/2024 At\u00a0ROUGGE &#8211; Official website (the &#8220;Site&#8221;), we are committed to [&hellip;]\" \/>\n<meta property=\"og:url\" content=\"https:\/\/rougge.com\/fr\/privacy-policy-2\/\" \/>\n<meta property=\"og:site_name\" content=\"Inside Music by Rougge\" \/>\n<meta property=\"article:modified_time\" content=\"2025-10-23T15:55:15+00:00\" \/>\n<meta property=\"og:image\" content=\"https:\/\/rougge.com\/wp-content\/uploads\/2025\/10\/imgi_1_dfd261_e5d95ec821d04cf3894ff80ceaf46320mv2.jpg\" \/>\n\t<meta property=\"og:image:width\" content=\"1901\" \/>\n\t<meta property=\"og:image:height\" content=\"674\" \/>\n\t<meta property=\"og:image:type\" content=\"image\/jpeg\" \/>\n<meta name=\"twitter:card\" content=\"summary_large_image\" \/>\n<meta name=\"twitter:label1\" content=\"Dur\u00e9e de lecture estim\u00e9e\" \/>\n\t<meta name=\"twitter:data1\" content=\"2 minutes\" \/>\n<script type=\"application\/ld+json\" class=\"yoast-schema-graph\">{\"@context\":\"https:\\\/\\\/schema.org\",\"@graph\":[{\"@type\":\"WebPage\",\"@id\":\"https:\\\/\\\/rougge.com\\\/privacy-policy-2\\\/\",\"url\":\"https:\\\/\\\/rougge.com\\\/privacy-policy-2\\\/\",\"name\":\"Privacy Policy - Inside Music by Rougge\",\"isPartOf\":{\"@id\":\"https:\\\/\\\/rougge.com\\\/fr\\\/#website\"},\"datePublished\":\"2025-10-23T15:52:34+00:00\",\"dateModified\":\"2025-10-23T15:55:15+00:00\",\"breadcrumb\":{\"@id\":\"https:\\\/\\\/rougge.com\\\/privacy-policy-2\\\/#breadcrumb\"},\"inLanguage\":\"fr-FR\",\"potentialAction\":[{\"@type\":\"ReadAction\",\"target\":[\"https:\\\/\\\/rougge.com\\\/privacy-policy-2\\\/\"]}]},{\"@type\":\"BreadcrumbList\",\"@id\":\"https:\\\/\\\/rougge.com\\\/privacy-policy-2\\\/#breadcrumb\",\"itemListElement\":[{\"@type\":\"ListItem\",\"position\":1,\"name\":\"Home\",\"item\":\"https:\\\/\\\/rougge.com\\\/\"},{\"@type\":\"ListItem\",\"position\":2,\"name\":\"Privacy Policy\"}]},{\"@type\":\"WebSite\",\"@id\":\"https:\\\/\\\/rougge.com\\\/fr\\\/#website\",\"url\":\"https:\\\/\\\/rougge.com\\\/fr\\\/\",\"name\":\"Inside Music by Rougge\",\"description\":\"piano, voice &amp; emotion\",\"alternateName\":\"Inside Music by Rougge\",\"potentialAction\":[{\"@type\":\"SearchAction\",\"target\":{\"@type\":\"EntryPoint\",\"urlTemplate\":\"https:\\\/\\\/rougge.com\\\/fr\\\/?s={search_term_string}\"},\"query-input\":{\"@type\":\"PropertyValueSpecification\",\"valueRequired\":true,\"valueName\":\"search_term_string\"}}],\"inLanguage\":\"fr-FR\"}]}<\/script>\n<!-- \/ Yoast SEO plugin. -->","yoast_head_json":{"title":"Privacy Policy - Inside Music by Rougge","robots":{"index":"index","follow":"follow","max-snippet":"max-snippet:-1","max-image-preview":"max-image-preview:large","max-video-preview":"max-video-preview:-1"},"canonical":"https:\/\/rougge.com\/fr\/privacy-policy-2\/","og_locale":"fr_FR","og_type":"article","og_title":"Privacy Policy - Inside Music by Rougge","og_description":"Privacy Policy for ROUGGE &#8211; Official website Effective Date: 12\/11\/2024 At\u00a0ROUGGE &#8211; Official website (the &#8220;Site&#8221;), we are committed to [&hellip;]","og_url":"https:\/\/rougge.com\/fr\/privacy-policy-2\/","og_site_name":"Inside Music by Rougge","article_modified_time":"2025-10-23T15:55:15+00:00","og_image":[{"width":1901,"height":674,"url":"https:\/\/rougge.com\/wp-content\/uploads\/2025\/10\/imgi_1_dfd261_e5d95ec821d04cf3894ff80ceaf46320mv2.jpg","type":"image\/jpeg"}],"twitter_card":"summary_large_image","twitter_misc":{"Dur\u00e9e de lecture estim\u00e9e":"2 minutes"},"schema":{"@context":"https:\/\/schema.org","@graph":[{"@type":"WebPage","@id":"https:\/\/rougge.com\/privacy-policy-2\/","url":"https:\/\/rougge.com\/privacy-policy-2\/","name":"Privacy Policy - Inside Music by Rougge","isPartOf":{"@id":"https:\/\/rougge.com\/fr\/#website"},"datePublished":"2025-10-23T15:52:34+00:00","dateModified":"2025-10-23T15:55:15+00:00","breadcrumb":{"@id":"https:\/\/rougge.com\/privacy-policy-2\/#breadcrumb"},"inLanguage":"fr-FR","potentialAction":[{"@type":"ReadAction","target":["https:\/\/rougge.com\/privacy-policy-2\/"]}]},{"@type":"BreadcrumbList","@id":"https:\/\/rougge.com\/privacy-policy-2\/#breadcrumb","itemListElement":[{"@type":"ListItem","position":1,"name":"Home","item":"https:\/\/rougge.com\/"},{"@type":"ListItem","position":2,"name":"Privacy Policy"}]},{"@type":"WebSite","@id":"https:\/\/rougge.com\/fr\/#website","url":"https:\/\/rougge.com\/fr\/","name":"Inside Music by Rougge","description":"piano, voice &amp; emotion","alternateName":"Inside Music by Rougge","potentialAction":[{"@type":"SearchAction","target":{"@type":"EntryPoint","urlTemplate":"https:\/\/rougge.com\/fr\/?s={search_term_string}"},"query-input":{"@type":"PropertyValueSpecification","valueRequired":true,"valueName":"search_term_string"}}],"inLanguage":"fr-FR"}]}},"_hostinger_reach_plugin_has_subscription_block":false,"_hostinger_reach_plugin_is_elementor":false,"_links":{"self":[{"href":"https:\/\/rougge.com\/fr\/wp-json\/wp\/v2\/pages\/332","targetHints":{"allow":["GET"]}}],"collection":[{"href":"https:\/\/rougge.com\/fr\/wp-json\/wp\/v2\/pages"}],"about":[{"href":"https:\/\/rougge.com\/fr\/wp-json\/wp\/v2\/types\/page"}],"author":[{"embeddable":true,"href":"https:\/\/rougge.com\/fr\/wp-json\/wp\/v2\/users\/2"}],"replies":[{"embeddable":true,"href":"https:\/\/rougge.com\/fr\/wp-json\/wp\/v2\/comments?post=332"}],"version-history":[{"count":4,"href":"https:\/\/rougge.com\/fr\/wp-json\/wp\/v2\/pages\/332\/revisions"}],"predecessor-version":[{"id":336,"href":"https:\/\/rougge.com\/fr\/wp-json\/wp\/v2\/pages\/332\/revisions\/336"}],"wp:attachment":[{"href":"https:\/\/rougge.com\/fr\/wp-json\/wp\/v2\/media?parent=332"}],"curies":[{"name":"wp","href":"https:\/\/api.w.org\/{rel}","templated":true}]}}