{"id":318,"date":"2025-10-23T15:47:34","date_gmt":"2025-10-23T15:47:34","guid":{"rendered":"https:\/\/green-dugong-976550.hostingersite.com\/?page_id=318"},"modified":"2025-10-23T15:51:54","modified_gmt":"2025-10-23T15:51:54","slug":"cookie-policy","status":"publish","type":"page","link":"https:\/\/rougge.com\/fr\/cookie-policy\/","title":{"rendered":"Politique de Cookies"},"content":{"rendered":"<div data-elementor-type=\"wp-page\" data-elementor-id=\"318\" class=\"elementor elementor-318\" data-elementor-post-type=\"page\">\n\t\t\t\t<div class=\"elementor-element elementor-element-eaff7f0 e-flex e-con-boxed e-con e-parent\" data-id=\"eaff7f0\" data-element_type=\"container\" data-e-type=\"container\">\n\t\t\t\t\t<div class=\"e-con-inner\">\n\t\t\t\t<div class=\"elementor-element elementor-element-783f15c elementor-widget elementor-widget-text-editor\" data-id=\"783f15c\" data-element_type=\"widget\" data-e-type=\"widget\" data-widget_type=\"text-editor.default\">\n\t\t\t\t\t\t\t\t\t<p class=\"font_8 wixui-rich-text__text\"><span style=\"text-decoration: underline;\"><span class=\"wixui-rich-text__text\">Politique de Cookies<\/span><\/span><\/p><p class=\"font_8 wixui-rich-text__text\"><span class=\"wixui-rich-text__text\">Derni\u00e8re mise \u00e0 jour : 12\/11\/2024<\/span><\/p><p class=\"font_8 wixui-rich-text__text\"><span class=\"wixui-rich-text__text\">This Cookie Policy explains how\u00a0<strong>Rougge Production<\/strong>\u00a0(&#8220;we,&#8221; &#8220;us,&#8221; or &#8220;our&#8221;) uses cookies and similar technologies on our website\u00a0<strong><a class=\"wixui-rich-text__text\" href=\"https:\/\/rougge.com\/fr\/\" target=\"_blank\" rel=\"noopener\" data-auto-recognition=\"true\">https:\/\/www.rougge.com<\/a><\/strong>\u00a0(the &#8220;Site&#8221;). By continuing to browse the Site, you consent to our use of cookies.<\/span><\/p><p class=\"font_8 wixui-rich-text__text\"><strong><span class=\"wixui-rich-text__text\">Qu'est-ce qu'un cookie ?<\/span><\/strong><\/p><p class=\"font_8 wixui-rich-text__text\"><span class=\"wixui-rich-text__text\">Les cookies sont de petits fichiers texte stock\u00e9s sur votre appareil lorsque vous visitez un site web. Ils aident le site \u00e0 se souvenir de vos actions et pr\u00e9f\u00e9rences (comme les identifiants de connexion et les param\u00e8tres de langue) pendant une p\u00e9riode donn\u00e9e, afin que vous n'ayez pas \u00e0 les ressaisir lors de vos prochaines visites.<\/span><\/p><p class=\"font_8 wixui-rich-text__text\"><span style=\"text-decoration: underline;\"><strong><span class=\"wixui-rich-text__text\">Types de Cookies que Nous utilisons :<\/span><\/strong><\/span><\/p><ol class=\"font_8 wixui-rich-text__text\"><li class=\"wixui-rich-text__text\"><p class=\"font_8 wixui-rich-text__text translation-block\">Cookies Essentiels :\nCes cookies sont n\u00e9cessaires au fonctionnement du site et ne peuvent pas \u00eatre d\u00e9sactiv\u00e9s dans nos syst\u00e8mes. Par exemple, ils incluent les cookies qui vous permettent de vous connecter \u00e0 des zones s\u00e9curis\u00e9es de notre Site.<\/p><\/li><li class=\"wixui-rich-text__text\"><p class=\"font_8 wixui-rich-text__text translation-block\">Cookies de Performance :\nNous utilisons ces cookies pour collecter des informations sur la fa\u00e7on dont les visiteurs utilisent notre Site, comme les pages visit\u00e9es le plus souvent. Par exemple, nous utilisons Google Analytics pour nous aider \u00e0 analyser le comportement des utilisateurs.<\/p><\/li><li class=\"wixui-rich-text__text\"><p class=\"font_8 wixui-rich-text__text translation-block\">Cookies de Fonctionnalit\u00e9 :\nCes cookies permettent \u00e0 notre Site de se souvenir des choix que vous faites (comme votre nom d'utilisateur ou vos pr\u00e9f\u00e9rences linguistiques) et de fournir des fonctionnalit\u00e9s am\u00e9lior\u00e9es et plus personnalis\u00e9es.<\/p><\/li><li class=\"wixui-rich-text__text\"><p class=\"font_8 wixui-rich-text__text translation-block\">Cookies de Ciblage :\nNous pouvons utiliser ces cookies pour diffuser des publicit\u00e9s qui sont pertinentes pour vous et vos int\u00e9r\u00eats. Ils peuvent \u00e9galement limiter le nombre de fois que vous voyez une annonce et aider \u00e0 mesurer l'efficacit\u00e9 des campagnes publicitaires.<\/p><\/li><\/ol><p class=\"font_8 wixui-rich-text__text\"><span style=\"text-decoration: underline;\"><strong><span class=\"wixui-rich-text__text\">Gestion des Cookies :<\/span><\/strong><\/span><\/p><p class=\"font_8 wixui-rich-text__text\"><span class=\"wixui-rich-text__text\">Vous pouvez contr\u00f4ler et g\u00e9rer les cookies de diff\u00e9rentes mani\u00e8res. Veuillez garder \u00e0 l'esprit que la suppression ou le blocage des cookies peut affecter votre exp\u00e9rience utilisateur.<\/span><\/p><ul class=\"font_8 wixui-rich-text__text\"><li class=\"wixui-rich-text__text\"><p class=\"font_8 wixui-rich-text__text translation-block\">Param\u00e8tres du Navigateur :\nLa plupart des navigateurs vous permettent de refuser les cookies ou de vous alerter lorsqu'un cookie est envoy\u00e9. Consultez la section d'aide de votre navigateur pour obtenir des instructions sur la fa\u00e7on de faire cela.<\/p><\/li><li class=\"wixui-rich-text__text\"><p class=\"font_8 wixui-rich-text__text\"><span class=\"wixui-rich-text__text\">Opt-out Tools:<br class=\"wixui-rich-text__text\" \/>Outils de D\u00e9sinscription :\nVous pouvez vous d\u00e9sinscrire des cookies utilis\u00e9s pour la publicit\u00e9 personnalis\u00e9e en visitant AdChoices ou YourOnlineChoices.\u00a0<a class=\"wixui-rich-text__text\" href=\"http:\/\/www.aboutads.info\/\" target=\"_blank\" rel=\"noreferrer noopener\">AdChoices<\/a>\u00a0or\u00a0<a class=\"wixui-rich-text__text\" href=\"http:\/\/www.youronlinechoices.com\/\" target=\"_blank\" rel=\"noreferrer noopener\">YourOnlineChoices<\/a>.<\/span><\/p><\/li><\/ul><p class=\"font_8 wixui-rich-text__text\"><span style=\"text-decoration: underline;\"><strong><span class=\"wixui-rich-text__text\">Modifications de Cette Politique de Cookies :<\/span><\/strong><\/span><\/p><p class=\"font_8 wixui-rich-text__text\"><span class=\"wixui-rich-text__text\">Nous pouvons mettre \u00e0 jour notre Politique de Cookies de temps \u00e0 autre. Nous vous informerons de tout changement en publivant la nouvelle Politique de Cookies sur cette page.<\/span><\/p><p class=\"font_8 wixui-rich-text__text\"><span style=\"text-decoration: underline;\"><strong><span class=\"wixui-rich-text__text\">Contactez-Nous :<\/span><\/strong><\/span><\/p><p class=\"font_8 wixui-rich-text__text\"><span class=\"wixui-rich-text__text\">Si vous avez des questions concernant notre Politique de Cookies, veuillez nous contacter \u00e0 :<\/span><\/p><p class=\"font_8 wixui-rich-text__text\"><span class=\"wixui-rich-text__text\">Rougge Production<br class=\"wixui-rich-text__text\" \/>31, rue de Malz\u00e9ville<br class=\"wixui-rich-text__text\" \/>54000 NANCY (FRANCE)<\/span><\/p><p class=\"font_8 wixui-rich-text__text\"><span class=\"wixui-rich-text__text\"><a class=\"wixui-rich-text__text\" href=\"mailto:contactrougge@gmail.com\" data-auto-recognition=\"true\">contactrougge@gmail.com<\/a><\/span><\/p>\t\t\t\t\t\t\t\t<\/div>\n\t\t\t\t\t<\/div>\n\t\t\t\t<\/div>\n\t\t\t\t<\/div>","protected":false},"excerpt":{"rendered":"<p>Cookie Policy Last Updated: 12\/11\/2024 This Cookie Policy explains how\u00a0Rougge Production\u00a0(&#8220;we,&#8221; &#8220;us,&#8221; or &#8220;our&#8221;) uses cookies and similar technologies on [&hellip;]<\/p>\n","protected":false},"author":2,"featured_media":0,"parent":0,"menu_order":0,"comment_status":"closed","ping_status":"closed","template":"","meta":{"site-sidebar-layout":"no-sidebar","site-content-layout":"","ast-site-content-layout":"full-width-container","site-content-style":"default","site-sidebar-style":"default","ast-global-header-display":"","ast-banner-title-visibility":"","ast-main-header-display":"","ast-hfb-above-header-display":"","ast-hfb-below-header-display":"","ast-hfb-mobile-header-display":"","site-post-title":"","ast-breadcrumbs-content":"","ast-featured-img":"disabled","footer-sml-layout":"","ast-disable-related-posts":"","theme-transparent-header-meta":"","adv-header-id-meta":"","stick-header-meta":"","header-above-stick-meta":"","header-main-stick-meta":"","header-below-stick-meta":"","astra-migrate-meta-layouts":"default","ast-page-background-enabled":"default","ast-page-background-meta":{"desktop":{"background-color":"var(--ast-global-color-5)","background-image":"","background-repeat":"repeat","background-position":"center center","background-size":"auto","background-attachment":"scroll","background-type":"","background-media":"","overlay-type":"","overlay-color":"","overlay-opacity":"","overlay-gradient":""},"tablet":{"background-color":"","background-image":"","background-repeat":"repeat","background-position":"center center","background-size":"auto","background-attachment":"scroll","background-type":"","background-media":"","overlay-type":"","overlay-color":"","overlay-opacity":"","overlay-gradient":""},"mobile":{"background-color":"","background-image":"","background-repeat":"repeat","background-position":"center center","background-size":"auto","background-attachment":"scroll","background-type":"","background-media":"","overlay-type":"","overlay-color":"","overlay-opacity":"","overlay-gradient":""}},"ast-content-background-meta":{"desktop":{"background-color":"var(--ast-global-color-4)","background-image":"","background-repeat":"repeat","background-position":"center center","background-size":"auto","background-attachment":"scroll","background-type":"","background-media":"","overlay-type":"","overlay-color":"","overlay-opacity":"","overlay-gradient":""},"tablet":{"background-color":"var(--ast-global-color-4)","background-image":"","background-repeat":"repeat","background-position":"center center","background-size":"auto","background-attachment":"scroll","background-type":"","background-media":"","overlay-type":"","overlay-color":"","overlay-opacity":"","overlay-gradient":""},"mobile":{"background-color":"var(--ast-global-color-4)","background-image":"","background-repeat":"repeat","background-position":"center center","background-size":"auto","background-attachment":"scroll","background-type":"","background-media":"","overlay-type":"","overlay-color":"","overlay-opacity":"","overlay-gradient":""}},"footnotes":""},"class_list":["post-318","page","type-page","status-publish","hentry"],"yoast_head":"<!-- This site is optimized with the Yoast SEO plugin v27.5 - https:\/\/yoast.com\/product\/yoast-seo-wordpress\/ -->\n<title>Cookie Policy - Inside Music by Rougge<\/title>\n<meta name=\"robots\" content=\"index, follow, max-snippet:-1, max-image-preview:large, max-video-preview:-1\" \/>\n<link rel=\"canonical\" href=\"https:\/\/rougge.com\/fr\/cookie-policy\/\" \/>\n<meta property=\"og:locale\" content=\"fr_FR\" \/>\n<meta property=\"og:type\" content=\"article\" \/>\n<meta property=\"og:title\" content=\"Cookie Policy - Inside Music by Rougge\" \/>\n<meta property=\"og:description\" content=\"Cookie Policy Last Updated: 12\/11\/2024 This Cookie Policy explains how\u00a0Rougge Production\u00a0(&#8220;we,&#8221; &#8220;us,&#8221; or &#8220;our&#8221;) uses cookies and similar technologies on [&hellip;]\" \/>\n<meta property=\"og:url\" content=\"https:\/\/rougge.com\/fr\/cookie-policy\/\" \/>\n<meta property=\"og:site_name\" content=\"Inside Music by Rougge\" \/>\n<meta property=\"article:modified_time\" content=\"2025-10-23T15:51:54+00:00\" \/>\n<meta property=\"og:image\" content=\"https:\/\/rougge.com\/wp-content\/uploads\/2025\/10\/imgi_1_dfd261_e5d95ec821d04cf3894ff80ceaf46320mv2.jpg\" \/>\n\t<meta property=\"og:image:width\" content=\"1901\" \/>\n\t<meta property=\"og:image:height\" content=\"674\" \/>\n\t<meta property=\"og:image:type\" content=\"image\/jpeg\" \/>\n<meta name=\"twitter:card\" content=\"summary_large_image\" \/>\n<meta name=\"twitter:label1\" content=\"Dur\u00e9e de lecture estim\u00e9e\" \/>\n\t<meta name=\"twitter:data1\" content=\"2 minutes\" \/>\n<script type=\"application\/ld+json\" class=\"yoast-schema-graph\">{\"@context\":\"https:\\\/\\\/schema.org\",\"@graph\":[{\"@type\":\"WebPage\",\"@id\":\"https:\\\/\\\/rougge.com\\\/cookie-policy\\\/\",\"url\":\"https:\\\/\\\/rougge.com\\\/cookie-policy\\\/\",\"name\":\"Cookie Policy - Inside Music by Rougge\",\"isPartOf\":{\"@id\":\"https:\\\/\\\/rougge.com\\\/fr\\\/#website\"},\"datePublished\":\"2025-10-23T15:47:34+00:00\",\"dateModified\":\"2025-10-23T15:51:54+00:00\",\"breadcrumb\":{\"@id\":\"https:\\\/\\\/rougge.com\\\/cookie-policy\\\/#breadcrumb\"},\"inLanguage\":\"fr-FR\",\"potentialAction\":[{\"@type\":\"ReadAction\",\"target\":[\"https:\\\/\\\/rougge.com\\\/cookie-policy\\\/\"]}]},{\"@type\":\"BreadcrumbList\",\"@id\":\"https:\\\/\\\/rougge.com\\\/cookie-policy\\\/#breadcrumb\",\"itemListElement\":[{\"@type\":\"ListItem\",\"position\":1,\"name\":\"Home\",\"item\":\"https:\\\/\\\/rougge.com\\\/\"},{\"@type\":\"ListItem\",\"position\":2,\"name\":\"Cookie Policy\"}]},{\"@type\":\"WebSite\",\"@id\":\"https:\\\/\\\/rougge.com\\\/fr\\\/#website\",\"url\":\"https:\\\/\\\/rougge.com\\\/fr\\\/\",\"name\":\"Inside Music by Rougge\",\"description\":\"piano, voice &amp; emotion\",\"alternateName\":\"Inside Music by Rougge\",\"potentialAction\":[{\"@type\":\"SearchAction\",\"target\":{\"@type\":\"EntryPoint\",\"urlTemplate\":\"https:\\\/\\\/rougge.com\\\/fr\\\/?s={search_term_string}\"},\"query-input\":{\"@type\":\"PropertyValueSpecification\",\"valueRequired\":true,\"valueName\":\"search_term_string\"}}],\"inLanguage\":\"fr-FR\"}]}<\/script>\n<!-- \/ Yoast SEO plugin. -->","yoast_head_json":{"title":"Cookie Policy - Inside Music by Rougge","robots":{"index":"index","follow":"follow","max-snippet":"max-snippet:-1","max-image-preview":"max-image-preview:large","max-video-preview":"max-video-preview:-1"},"canonical":"https:\/\/rougge.com\/fr\/cookie-policy\/","og_locale":"fr_FR","og_type":"article","og_title":"Cookie Policy - Inside Music by Rougge","og_description":"Cookie Policy Last Updated: 12\/11\/2024 This Cookie Policy explains how\u00a0Rougge Production\u00a0(&#8220;we,&#8221; &#8220;us,&#8221; or &#8220;our&#8221;) uses cookies and similar technologies on [&hellip;]","og_url":"https:\/\/rougge.com\/fr\/cookie-policy\/","og_site_name":"Inside Music by Rougge","article_modified_time":"2025-10-23T15:51:54+00:00","og_image":[{"width":1901,"height":674,"url":"https:\/\/rougge.com\/wp-content\/uploads\/2025\/10\/imgi_1_dfd261_e5d95ec821d04cf3894ff80ceaf46320mv2.jpg","type":"image\/jpeg"}],"twitter_card":"summary_large_image","twitter_misc":{"Dur\u00e9e de lecture estim\u00e9e":"2 minutes"},"schema":{"@context":"https:\/\/schema.org","@graph":[{"@type":"WebPage","@id":"https:\/\/rougge.com\/cookie-policy\/","url":"https:\/\/rougge.com\/cookie-policy\/","name":"Cookie Policy - Inside Music by Rougge","isPartOf":{"@id":"https:\/\/rougge.com\/fr\/#website"},"datePublished":"2025-10-23T15:47:34+00:00","dateModified":"2025-10-23T15:51:54+00:00","breadcrumb":{"@id":"https:\/\/rougge.com\/cookie-policy\/#breadcrumb"},"inLanguage":"fr-FR","potentialAction":[{"@type":"ReadAction","target":["https:\/\/rougge.com\/cookie-policy\/"]}]},{"@type":"BreadcrumbList","@id":"https:\/\/rougge.com\/cookie-policy\/#breadcrumb","itemListElement":[{"@type":"ListItem","position":1,"name":"Home","item":"https:\/\/rougge.com\/"},{"@type":"ListItem","position":2,"name":"Cookie Policy"}]},{"@type":"WebSite","@id":"https:\/\/rougge.com\/fr\/#website","url":"https:\/\/rougge.com\/fr\/","name":"Inside Music by Rougge","description":"piano, voice &amp; emotion","alternateName":"Inside Music by Rougge","potentialAction":[{"@type":"SearchAction","target":{"@type":"EntryPoint","urlTemplate":"https:\/\/rougge.com\/fr\/?s={search_term_string}"},"query-input":{"@type":"PropertyValueSpecification","valueRequired":true,"valueName":"search_term_string"}}],"inLanguage":"fr-FR"}]}},"_hostinger_reach_plugin_has_subscription_block":false,"_hostinger_reach_plugin_is_elementor":false,"_links":{"self":[{"href":"https:\/\/rougge.com\/fr\/wp-json\/wp\/v2\/pages\/318","targetHints":{"allow":["GET"]}}],"collection":[{"href":"https:\/\/rougge.com\/fr\/wp-json\/wp\/v2\/pages"}],"about":[{"href":"https:\/\/rougge.com\/fr\/wp-json\/wp\/v2\/types\/page"}],"author":[{"embeddable":true,"href":"https:\/\/rougge.com\/fr\/wp-json\/wp\/v2\/users\/2"}],"replies":[{"embeddable":true,"href":"https:\/\/rougge.com\/fr\/wp-json\/wp\/v2\/comments?post=318"}],"version-history":[{"count":4,"href":"https:\/\/rougge.com\/fr\/wp-json\/wp\/v2\/pages\/318\/revisions"}],"predecessor-version":[{"id":331,"href":"https:\/\/rougge.com\/fr\/wp-json\/wp\/v2\/pages\/318\/revisions\/331"}],"wp:attachment":[{"href":"https:\/\/rougge.com\/fr\/wp-json\/wp\/v2\/media?parent=318"}],"curies":[{"name":"wp","href":"https:\/\/api.w.org\/{rel}","templated":true}]}}