{"id":309,"date":"2025-10-23T15:44:23","date_gmt":"2025-10-23T15:44:23","guid":{"rendered":"https:\/\/green-dugong-976550.hostingersite.com\/?page_id=309"},"modified":"2025-10-24T06:56:02","modified_gmt":"2025-10-24T06:56:02","slug":"legal-notices","status":"publish","type":"page","link":"https:\/\/rougge.com\/fr\/legal-notices\/","title":{"rendered":"Mentions L\u00e9gales"},"content":{"rendered":"<div data-elementor-type=\"wp-page\" data-elementor-id=\"309\" class=\"elementor elementor-309\" data-elementor-post-type=\"page\">\n\t\t\t\t<div class=\"elementor-element elementor-element-71de8a9 e-flex e-con-boxed e-con e-parent\" data-id=\"71de8a9\" data-element_type=\"container\" data-e-type=\"container\">\n\t\t\t\t\t<div class=\"e-con-inner\">\n\t\t\t\t<div class=\"elementor-element elementor-element-682a5c2 elementor-widget elementor-widget-text-editor\" data-id=\"682a5c2\" data-element_type=\"widget\" data-e-type=\"widget\" data-widget_type=\"text-editor.default\">\n\t\t\t\t\t\t\t\t\t<p><span style=\"text-decoration: underline;\"><strong>Mentions L\u00e9gales<\/strong><\/span><\/p><p>\u00c9diteur du site :<br \/>Rougge Production<br \/>31, rue de Malz\u00e9ville 54000 NANCY<br \/>Siret : 90778753500018<br \/><a href=\"mailto:contactrougge@gmail.com\">contactrougge@gmail.com<\/a><\/p><p><span style=\"text-decoration: underline;\"><strong>Propri\u00e9t\u00e9 intellectuelle :<\/strong><\/span><\/p><p>Tous les contenus pr\u00e9sents sur ce site, incluant, sans s'y limiter, les textes, images, vid\u00e9os et logos, sont la propri\u00e9t\u00e9 de ROUGGE et sont prot\u00e9g\u00e9s par le droit d'auteur. Toute reproduction, m\u00eame partielle, est interdite sans l\u2019autorisation \u00e9crite de l'artiste.<br \/>Donn\u00e9es personnelles :<br \/>Les informations collect\u00e9es sur ce site sont destin\u00e9es \u00e0 ROUGGE pour le traitement des commandes et l'envoi d'informations. Conform\u00e9ment \u00e0 la loi Informatique et Libert\u00e9s, vous disposez d'un droit d'acc\u00e8s, de modification et de suppression de vos donn\u00e9es. Pour exercer ce droit, veuillez nous contacter \u00e0 l'adresse email ci-dessus.<\/p><p><span style=\"text-decoration: underline;\"><strong>Cookies :<\/strong><\/span><\/p><p>Ce site utilise des cookies pour am\u00e9liorer votre exp\u00e9rience utilisateur. En naviguant sur notre site, vous consentez \u00e0 l'utilisation de ces cookies. Vous pouvez g\u00e9rer vos pr\u00e9f\u00e9rences de cookies dans les param\u00e8tres de votre navigateur.<\/p>\t\t\t\t\t\t\t\t<\/div>\n\t\t\t\t\t<\/div>\n\t\t\t\t<\/div>\n\t\t\t\t<\/div>","protected":false},"excerpt":{"rendered":"<p>Legal Notices Publisher of the site:Rougge Production31, rue de Malz\u00e9ville 54000 NANCYSiret : 90778753500018contactrougge@gmail.com Intellectual Property : All content on [&hellip;]<\/p>\n","protected":false},"author":2,"featured_media":0,"parent":0,"menu_order":0,"comment_status":"closed","ping_status":"closed","template":"","meta":{"site-sidebar-layout":"no-sidebar","site-content-layout":"","ast-site-content-layout":"full-width-container","site-content-style":"default","site-sidebar-style":"default","ast-global-header-display":"","ast-banner-title-visibility":"","ast-main-header-display":"","ast-hfb-above-header-display":"","ast-hfb-below-header-display":"","ast-hfb-mobile-header-display":"","site-post-title":"","ast-breadcrumbs-content":"","ast-featured-img":"disabled","footer-sml-layout":"","ast-disable-related-posts":"","theme-transparent-header-meta":"","adv-header-id-meta":"","stick-header-meta":"","header-above-stick-meta":"","header-main-stick-meta":"","header-below-stick-meta":"","astra-migrate-meta-layouts":"default","ast-page-background-enabled":"default","ast-page-background-meta":{"desktop":{"background-color":"var(--ast-global-color-5)","background-image":"","background-repeat":"repeat","background-position":"center center","background-size":"auto","background-attachment":"scroll","background-type":"","background-media":"","overlay-type":"","overlay-color":"","overlay-opacity":"","overlay-gradient":""},"tablet":{"background-color":"","background-image":"","background-repeat":"repeat","background-position":"center center","background-size":"auto","background-attachment":"scroll","background-type":"","background-media":"","overlay-type":"","overlay-color":"","overlay-opacity":"","overlay-gradient":""},"mobile":{"background-color":"","background-image":"","background-repeat":"repeat","background-position":"center center","background-size":"auto","background-attachment":"scroll","background-type":"","background-media":"","overlay-type":"","overlay-color":"","overlay-opacity":"","overlay-gradient":""}},"ast-content-background-meta":{"desktop":{"background-color":"var(--ast-global-color-4)","background-image":"","background-repeat":"repeat","background-position":"center center","background-size":"auto","background-attachment":"scroll","background-type":"","background-media":"","overlay-type":"","overlay-color":"","overlay-opacity":"","overlay-gradient":""},"tablet":{"background-color":"var(--ast-global-color-4)","background-image":"","background-repeat":"repeat","background-position":"center center","background-size":"auto","background-attachment":"scroll","background-type":"","background-media":"","overlay-type":"","overlay-color":"","overlay-opacity":"","overlay-gradient":""},"mobile":{"background-color":"var(--ast-global-color-4)","background-image":"","background-repeat":"repeat","background-position":"center center","background-size":"auto","background-attachment":"scroll","background-type":"","background-media":"","overlay-type":"","overlay-color":"","overlay-opacity":"","overlay-gradient":""}},"footnotes":""},"class_list":["post-309","page","type-page","status-publish","hentry"],"yoast_head":"<!-- This site is optimized with the Yoast SEO plugin v27.5 - https:\/\/yoast.com\/product\/yoast-seo-wordpress\/ -->\n<title>Legal Notices - Inside Music by Rougge<\/title>\n<meta name=\"robots\" content=\"index, follow, max-snippet:-1, max-image-preview:large, max-video-preview:-1\" \/>\n<link rel=\"canonical\" href=\"https:\/\/rougge.com\/fr\/legal-notices\/\" \/>\n<meta property=\"og:locale\" content=\"fr_FR\" \/>\n<meta property=\"og:type\" content=\"article\" \/>\n<meta property=\"og:title\" content=\"Legal Notices - Inside Music by Rougge\" \/>\n<meta property=\"og:description\" content=\"Legal Notices Publisher of the site:Rougge Production31, rue de Malz\u00e9ville 54000 NANCYSiret : 90778753500018contactrougge@gmail.com Intellectual Property : All content on [&hellip;]\" \/>\n<meta property=\"og:url\" content=\"https:\/\/rougge.com\/fr\/legal-notices\/\" \/>\n<meta property=\"og:site_name\" content=\"Inside Music by Rougge\" \/>\n<meta property=\"article:modified_time\" content=\"2025-10-24T06:56:02+00:00\" \/>\n<meta property=\"og:image\" content=\"https:\/\/rougge.com\/wp-content\/uploads\/2025\/10\/imgi_1_dfd261_e5d95ec821d04cf3894ff80ceaf46320mv2.jpg\" \/>\n\t<meta property=\"og:image:width\" content=\"1901\" \/>\n\t<meta property=\"og:image:height\" content=\"674\" \/>\n\t<meta property=\"og:image:type\" content=\"image\/jpeg\" \/>\n<meta name=\"twitter:card\" content=\"summary_large_image\" \/>\n<meta name=\"twitter:label1\" content=\"Dur\u00e9e de lecture estim\u00e9e\" \/>\n\t<meta name=\"twitter:data1\" content=\"1 minute\" \/>\n<script type=\"application\/ld+json\" class=\"yoast-schema-graph\">{\"@context\":\"https:\\\/\\\/schema.org\",\"@graph\":[{\"@type\":\"WebPage\",\"@id\":\"https:\\\/\\\/rougge.com\\\/legal-notices\\\/\",\"url\":\"https:\\\/\\\/rougge.com\\\/legal-notices\\\/\",\"name\":\"Legal Notices - Inside Music by Rougge\",\"isPartOf\":{\"@id\":\"https:\\\/\\\/rougge.com\\\/fr\\\/#website\"},\"datePublished\":\"2025-10-23T15:44:23+00:00\",\"dateModified\":\"2025-10-24T06:56:02+00:00\",\"breadcrumb\":{\"@id\":\"https:\\\/\\\/rougge.com\\\/legal-notices\\\/#breadcrumb\"},\"inLanguage\":\"fr-FR\",\"potentialAction\":[{\"@type\":\"ReadAction\",\"target\":[\"https:\\\/\\\/rougge.com\\\/legal-notices\\\/\"]}]},{\"@type\":\"BreadcrumbList\",\"@id\":\"https:\\\/\\\/rougge.com\\\/legal-notices\\\/#breadcrumb\",\"itemListElement\":[{\"@type\":\"ListItem\",\"position\":1,\"name\":\"Home\",\"item\":\"https:\\\/\\\/rougge.com\\\/\"},{\"@type\":\"ListItem\",\"position\":2,\"name\":\"Legal Notices\"}]},{\"@type\":\"WebSite\",\"@id\":\"https:\\\/\\\/rougge.com\\\/fr\\\/#website\",\"url\":\"https:\\\/\\\/rougge.com\\\/fr\\\/\",\"name\":\"Inside Music by Rougge\",\"description\":\"piano, voice &amp; emotion\",\"alternateName\":\"Inside Music by Rougge\",\"potentialAction\":[{\"@type\":\"SearchAction\",\"target\":{\"@type\":\"EntryPoint\",\"urlTemplate\":\"https:\\\/\\\/rougge.com\\\/fr\\\/?s={search_term_string}\"},\"query-input\":{\"@type\":\"PropertyValueSpecification\",\"valueRequired\":true,\"valueName\":\"search_term_string\"}}],\"inLanguage\":\"fr-FR\"}]}<\/script>\n<!-- \/ Yoast SEO plugin. -->","yoast_head_json":{"title":"Legal Notices - Inside Music by Rougge","robots":{"index":"index","follow":"follow","max-snippet":"max-snippet:-1","max-image-preview":"max-image-preview:large","max-video-preview":"max-video-preview:-1"},"canonical":"https:\/\/rougge.com\/fr\/legal-notices\/","og_locale":"fr_FR","og_type":"article","og_title":"Legal Notices - Inside Music by Rougge","og_description":"Legal Notices Publisher of the site:Rougge Production31, rue de Malz\u00e9ville 54000 NANCYSiret : 90778753500018contactrougge@gmail.com Intellectual Property : All content on [&hellip;]","og_url":"https:\/\/rougge.com\/fr\/legal-notices\/","og_site_name":"Inside Music by Rougge","article_modified_time":"2025-10-24T06:56:02+00:00","og_image":[{"width":1901,"height":674,"url":"https:\/\/rougge.com\/wp-content\/uploads\/2025\/10\/imgi_1_dfd261_e5d95ec821d04cf3894ff80ceaf46320mv2.jpg","type":"image\/jpeg"}],"twitter_card":"summary_large_image","twitter_misc":{"Dur\u00e9e de lecture estim\u00e9e":"1 minute"},"schema":{"@context":"https:\/\/schema.org","@graph":[{"@type":"WebPage","@id":"https:\/\/rougge.com\/legal-notices\/","url":"https:\/\/rougge.com\/legal-notices\/","name":"Legal Notices - Inside Music by Rougge","isPartOf":{"@id":"https:\/\/rougge.com\/fr\/#website"},"datePublished":"2025-10-23T15:44:23+00:00","dateModified":"2025-10-24T06:56:02+00:00","breadcrumb":{"@id":"https:\/\/rougge.com\/legal-notices\/#breadcrumb"},"inLanguage":"fr-FR","potentialAction":[{"@type":"ReadAction","target":["https:\/\/rougge.com\/legal-notices\/"]}]},{"@type":"BreadcrumbList","@id":"https:\/\/rougge.com\/legal-notices\/#breadcrumb","itemListElement":[{"@type":"ListItem","position":1,"name":"Home","item":"https:\/\/rougge.com\/"},{"@type":"ListItem","position":2,"name":"Legal Notices"}]},{"@type":"WebSite","@id":"https:\/\/rougge.com\/fr\/#website","url":"https:\/\/rougge.com\/fr\/","name":"Inside Music by Rougge","description":"piano, voice &amp; emotion","alternateName":"Inside Music by Rougge","potentialAction":[{"@type":"SearchAction","target":{"@type":"EntryPoint","urlTemplate":"https:\/\/rougge.com\/fr\/?s={search_term_string}"},"query-input":{"@type":"PropertyValueSpecification","valueRequired":true,"valueName":"search_term_string"}}],"inLanguage":"fr-FR"}]}},"_hostinger_reach_plugin_has_subscription_block":false,"_hostinger_reach_plugin_is_elementor":false,"_links":{"self":[{"href":"https:\/\/rougge.com\/fr\/wp-json\/wp\/v2\/pages\/309","targetHints":{"allow":["GET"]}}],"collection":[{"href":"https:\/\/rougge.com\/fr\/wp-json\/wp\/v2\/pages"}],"about":[{"href":"https:\/\/rougge.com\/fr\/wp-json\/wp\/v2\/types\/page"}],"author":[{"embeddable":true,"href":"https:\/\/rougge.com\/fr\/wp-json\/wp\/v2\/users\/2"}],"replies":[{"embeddable":true,"href":"https:\/\/rougge.com\/fr\/wp-json\/wp\/v2\/comments?post=309"}],"version-history":[{"count":13,"href":"https:\/\/rougge.com\/fr\/wp-json\/wp\/v2\/pages\/309\/revisions"}],"predecessor-version":[{"id":344,"href":"https:\/\/rougge.com\/fr\/wp-json\/wp\/v2\/pages\/309\/revisions\/344"}],"wp:attachment":[{"href":"https:\/\/rougge.com\/fr\/wp-json\/wp\/v2\/media?parent=309"}],"curies":[{"name":"wp","href":"https:\/\/api.w.org\/{rel}","templated":true}]}}