{"id":165,"date":"2025-10-23T08:00:24","date_gmt":"2025-10-23T08:00:24","guid":{"rendered":"https:\/\/green-dugong-976550.hostingersite.com\/?page_id=165"},"modified":"2025-11-22T04:16:03","modified_gmt":"2025-11-22T04:16:03","slug":"cine-concert","status":"publish","type":"page","link":"https:\/\/rougge.com\/fr\/cine-concert\/","title":{"rendered":"Cine-Concert"},"content":{"rendered":"<div data-elementor-type=\"wp-page\" data-elementor-id=\"165\" class=\"elementor elementor-165\" data-elementor-post-type=\"page\">\n\t\t\t\t<div class=\"elementor-element elementor-element-2626b2a2 e-flex e-con-boxed e-con e-parent\" data-id=\"2626b2a2\" data-element_type=\"container\" data-e-type=\"container\">\n\t\t\t\t\t<div class=\"e-con-inner\">\n\t\t<div class=\"elementor-element elementor-element-6825a2f e-flex e-con-boxed e-con e-child\" data-id=\"6825a2f\" data-element_type=\"container\" data-e-type=\"container\">\n\t\t\t\t\t<div class=\"e-con-inner\">\n\t\t\t\t<div class=\"elementor-element elementor-element-2730ec47 elementor-widget elementor-widget-heading\" data-id=\"2730ec47\" data-element_type=\"widget\" data-e-type=\"widget\" data-widget_type=\"heading.default\">\n\t\t\t\t\t<h2 class=\"elementor-heading-title elementor-size-default\">CINE-CONCERT<\/h2>\t\t\t\t<\/div>\n\t\t\t\t<div class=\"elementor-element elementor-element-043e821 elementor-widget elementor-widget-text-editor\" data-id=\"043e821\" data-element_type=\"widget\" data-e-type=\"widget\" data-widget_type=\"text-editor.default\">\n\t\t\t\t\t\t\t\t\t<p>Vincent MUNIER-ROUGGE<br \/>&amp; Orchestre<\/p>\t\t\t\t\t\t\t\t<\/div>\n\t\t\t\t<div class=\"elementor-element elementor-element-7215c98e elementor-widget elementor-widget-text-editor\" data-id=\"7215c98e\" data-element_type=\"widget\" data-e-type=\"widget\" data-widget_type=\"text-editor.default\">\n\t\t\t\t\t\t\t\t\t<p class=\"translation-block\">Photos et vid\u00e9os : Vincent MUNIER<br>Musique, piano, chant : ROUGGE<\/p>\t\t\t\t\t\t\t\t<\/div>\n\t\t\t\t<div class=\"elementor-element elementor-element-b429add elementor-widget elementor-widget-text-editor\" data-id=\"b429add\" data-element_type=\"widget\" data-e-type=\"widget\" data-widget_type=\"text-editor.default\">\n\t\t\t\t\t\t\t\t\t<p><em>\"Un voyage visuel et sonore avec ROUGGE au piano et au chant, entour\u00e9 d'un Orchestre d\u2019Harmonie, tous immerg\u00e9s dans la projection d\u2019une cr\u00e9ation vid\u00e9o in\u00e9dite \u00e0 partir des images et des films de Vincent MUNIER (co-r\u00e9alisateur de \u00ab La panth\u00e8re des neiges \u00bb \u2013 C\u00e9sar du meilleur documentaire en 2022).<\/em><\/p><p><em>Ressortent alors au fur et \u00e0 mesure des images et des sons, tous les points de dialogue entre ces deux univers, leurs r\u00e9sonances communes.\nUne exp\u00e9rience sensorielle unique.\"<\/em><br \/><em>A unique sensory experience.&#8221;<\/em><\/p>\t\t\t\t\t\t\t\t<\/div>\n\t\t\t\t<div class=\"elementor-element elementor-element-1787b89a elementor-widget elementor-widget-video\" data-id=\"1787b89a\" data-element_type=\"widget\" data-e-type=\"widget\" data-settings=\"{&quot;youtube_url&quot;:&quot;https:\\\/\\\/youtu.be\\\/jIYo5hKKO9E&quot;,&quot;video_type&quot;:&quot;youtube&quot;,&quot;controls&quot;:&quot;yes&quot;}\" data-widget_type=\"video.default\">\n\t\t\t\t\t\t\t<div class=\"elementor-wrapper elementor-open-inline\">\n\t\t\t<div class=\"elementor-video\"><\/div>\t\t<\/div>\n\t\t\t\t\t\t<\/div>\n\t\t\t\t<div class=\"elementor-element elementor-element-1b79f332 elementor-widget elementor-widget-heading\" data-id=\"1b79f332\" data-element_type=\"widget\" data-e-type=\"widget\" data-widget_type=\"heading.default\">\n\t\t\t\t\t<h2 class=\"elementor-heading-title elementor-size-default\"><a href=\"https:\/\/rougge.com\/fr\/duos-project\/#OHV\">Orchestre : OHV \/ Direction : Arnaud GEORGE<\/a><\/h2>\t\t\t\t<\/div>\n\t\t\t\t<div class=\"elementor-element elementor-element-3a4fd70b elementor-widget elementor-widget-video\" data-id=\"3a4fd70b\" data-element_type=\"widget\" data-e-type=\"widget\" data-settings=\"{&quot;youtube_url&quot;:&quot;https:\\\/\\\/youtu.be\\\/zAEAiSj8Orc&quot;,&quot;video_type&quot;:&quot;youtube&quot;,&quot;controls&quot;:&quot;yes&quot;}\" data-widget_type=\"video.default\">\n\t\t\t\t\t\t\t<div class=\"elementor-wrapper elementor-open-inline\">\n\t\t\t<div class=\"elementor-video\"><\/div>\t\t<\/div>\n\t\t\t\t\t\t<\/div>\n\t\t\t\t<div class=\"elementor-element elementor-element-5ded52eb elementor-widget elementor-widget-heading\" data-id=\"5ded52eb\" data-element_type=\"widget\" data-e-type=\"widget\" data-widget_type=\"heading.default\">\n\t\t\t\t\t<h2 class=\"elementor-heading-title elementor-size-default\">Orchestre : O+ \/ Direction : David HURPEAU<\/h2>\t\t\t\t<\/div>\n\t\t\t\t\t<\/div>\n\t\t\t\t<\/div>\n\t\t<div class=\"elementor-element elementor-element-1badc6c3 e-con-full e-flex e-con e-child\" data-id=\"1badc6c3\" data-element_type=\"container\" data-e-type=\"container\">\n\t\t\t\t<div class=\"elementor-element elementor-element-3ad9050c elementor-widget elementor-widget-image\" data-id=\"3ad9050c\" data-element_type=\"widget\" data-e-type=\"widget\" data-widget_type=\"image.default\">\n\t\t\t\t\t\t\t\t\t\t\t\t\t\t\t\t<a href=\"https:\/\/nollphotographie.com\/\" target=\"_blank\">\n\t\t\t\t\t\t\t<img fetchpriority=\"high\" decoding=\"async\" width=\"1024\" height=\"543\" src=\"https:\/\/rougge.com\/wp-content\/uploads\/2025\/10\/imgi_11_dfd261_ff1de33f7fd14fc2b8391f02614a43damv2-1024x543.jpg\" class=\"attachment-large size-large wp-image-172\" alt=\"Rougge and the OHV Orchestra performing live at the Espace Chaudeau in Ludres\" srcset=\"https:\/\/rougge.com\/wp-content\/uploads\/2025\/10\/imgi_11_dfd261_ff1de33f7fd14fc2b8391f02614a43damv2-1024x543.jpg 1024w, https:\/\/rougge.com\/wp-content\/uploads\/2025\/10\/imgi_11_dfd261_ff1de33f7fd14fc2b8391f02614a43damv2-300x159.jpg 300w, https:\/\/rougge.com\/wp-content\/uploads\/2025\/10\/imgi_11_dfd261_ff1de33f7fd14fc2b8391f02614a43damv2-768x407.jpg 768w, https:\/\/rougge.com\/wp-content\/uploads\/2025\/10\/imgi_11_dfd261_ff1de33f7fd14fc2b8391f02614a43damv2-18x10.jpg 18w, https:\/\/rougge.com\/wp-content\/uploads\/2025\/10\/imgi_11_dfd261_ff1de33f7fd14fc2b8391f02614a43damv2.jpg 1524w\" sizes=\"(max-width: 1024px) 100vw, 1024px\" \/>\t\t\t\t\t\t\t\t<\/a>\n\t\t\t\t\t\t\t\t\t\t\t\t\t\t\t<\/div>\n\t\t\t\t<div class=\"elementor-element elementor-element-2b01337c elementor-widget elementor-widget-image\" data-id=\"2b01337c\" data-element_type=\"widget\" data-e-type=\"widget\" data-widget_type=\"image.default\">\n\t\t\t\t\t\t\t\t\t\t\t\t\t\t\t\t<a href=\"https:\/\/nollphotographie.com\/\" target=\"_blank\">\n\t\t\t\t\t\t\t<img decoding=\"async\" width=\"1024\" height=\"683\" src=\"https:\/\/rougge.com\/wp-content\/uploads\/2025\/10\/imgi_12_dfd261_02a1574f962449ae8e0c41d0098d41bbmv2-1024x683.jpg\" class=\"attachment-large size-large wp-image-173\" alt=\"Rougge and the OHV Orchestra performing live, with a polar bear projected on a large screen\" srcset=\"https:\/\/rougge.com\/wp-content\/uploads\/2025\/10\/imgi_12_dfd261_02a1574f962449ae8e0c41d0098d41bbmv2-1024x683.jpg 1024w, https:\/\/rougge.com\/wp-content\/uploads\/2025\/10\/imgi_12_dfd261_02a1574f962449ae8e0c41d0098d41bbmv2-300x200.jpg 300w, https:\/\/rougge.com\/wp-content\/uploads\/2025\/10\/imgi_12_dfd261_02a1574f962449ae8e0c41d0098d41bbmv2-768x512.jpg 768w, https:\/\/rougge.com\/wp-content\/uploads\/2025\/10\/imgi_12_dfd261_02a1574f962449ae8e0c41d0098d41bbmv2-18x12.jpg 18w, https:\/\/rougge.com\/wp-content\/uploads\/2025\/10\/imgi_12_dfd261_02a1574f962449ae8e0c41d0098d41bbmv2.jpg 1524w\" sizes=\"(max-width: 1024px) 100vw, 1024px\" \/>\t\t\t\t\t\t\t\t<\/a>\n\t\t\t\t\t\t\t\t\t\t\t\t\t\t\t<\/div>\n\t\t\t\t<div class=\"elementor-element elementor-element-549be74 elementor-widget elementor-widget-image\" data-id=\"549be74\" data-element_type=\"widget\" data-e-type=\"widget\" data-widget_type=\"image.default\">\n\t\t\t\t\t\t\t\t\t\t\t\t\t\t\t\t<a href=\"https:\/\/nollphotographie.com\/\" target=\"_blank\">\n\t\t\t\t\t\t\t<img decoding=\"async\" width=\"899\" height=\"687\" src=\"https:\/\/rougge.com\/wp-content\/uploads\/2025\/10\/imgi_13_dfd261_71453c4a34024127b736598b7a55009dmv2.jpg\" class=\"attachment-large size-large wp-image-174\" alt=\"Rougge and the OHV Orchestra performing live at the Salle Poirel in Nancy\" srcset=\"https:\/\/rougge.com\/wp-content\/uploads\/2025\/10\/imgi_13_dfd261_71453c4a34024127b736598b7a55009dmv2.jpg 899w, https:\/\/rougge.com\/wp-content\/uploads\/2025\/10\/imgi_13_dfd261_71453c4a34024127b736598b7a55009dmv2-300x229.jpg 300w, https:\/\/rougge.com\/wp-content\/uploads\/2025\/10\/imgi_13_dfd261_71453c4a34024127b736598b7a55009dmv2-768x587.jpg 768w, https:\/\/rougge.com\/wp-content\/uploads\/2025\/10\/imgi_13_dfd261_71453c4a34024127b736598b7a55009dmv2-16x12.jpg 16w\" sizes=\"(max-width: 899px) 100vw, 899px\" \/>\t\t\t\t\t\t\t\t<\/a>\n\t\t\t\t\t\t\t\t\t\t\t\t\t\t\t<\/div>\n\t\t\t\t<div class=\"elementor-element elementor-element-49f03d69 elementor-widget elementor-widget-image\" data-id=\"49f03d69\" data-element_type=\"widget\" data-e-type=\"widget\" data-widget_type=\"image.default\">\n\t\t\t\t\t\t\t\t\t\t\t\t\t\t\t\t<a href=\"https:\/\/nollphotographie.com\/\" target=\"_blank\">\n\t\t\t\t\t\t\t<img loading=\"lazy\" decoding=\"async\" width=\"1024\" height=\"679\" src=\"https:\/\/rougge.com\/wp-content\/uploads\/2025\/10\/imgi_14_dfd261_4b3184901d8b45ad91a1ff6cb0c369e5mv2-1024x679.jpg\" class=\"attachment-large size-large wp-image-175\" alt=\"Rougge and the OHV Orchestra performing live, with an Arctic landscape projected on a large screen\" srcset=\"https:\/\/rougge.com\/wp-content\/uploads\/2025\/10\/imgi_14_dfd261_4b3184901d8b45ad91a1ff6cb0c369e5mv2-1024x679.jpg 1024w, https:\/\/rougge.com\/wp-content\/uploads\/2025\/10\/imgi_14_dfd261_4b3184901d8b45ad91a1ff6cb0c369e5mv2-300x199.jpg 300w, https:\/\/rougge.com\/wp-content\/uploads\/2025\/10\/imgi_14_dfd261_4b3184901d8b45ad91a1ff6cb0c369e5mv2-768x509.jpg 768w, https:\/\/rougge.com\/wp-content\/uploads\/2025\/10\/imgi_14_dfd261_4b3184901d8b45ad91a1ff6cb0c369e5mv2-18x12.jpg 18w, https:\/\/rougge.com\/wp-content\/uploads\/2025\/10\/imgi_14_dfd261_4b3184901d8b45ad91a1ff6cb0c369e5mv2.jpg 1524w\" sizes=\"(max-width: 1024px) 100vw, 1024px\" \/>\t\t\t\t\t\t\t\t<\/a>\n\t\t\t\t\t\t\t\t\t\t\t\t\t\t\t<\/div>\n\t\t\t\t<div class=\"elementor-element elementor-element-9f7cafe elementor-widget elementor-widget-image\" data-id=\"9f7cafe\" data-element_type=\"widget\" data-e-type=\"widget\" data-widget_type=\"image.default\">\n\t\t\t\t\t\t\t\t\t\t\t\t\t\t\t\t<a href=\"https:\/\/nollphotographie.com\/\" target=\"_blank\">\n\t\t\t\t\t\t\t<img loading=\"lazy\" decoding=\"async\" width=\"1024\" height=\"679\" src=\"https:\/\/rougge.com\/wp-content\/uploads\/2025\/10\/imgi_15_dfd261_1d2fcc14a9d1486a840039fdec26272cmv2-1024x679.jpg\" class=\"attachment-large size-large wp-image-176\" alt=\"Rougge and the OHV Orchestra performing live, with a white wolf projected on a large screen\" srcset=\"https:\/\/rougge.com\/wp-content\/uploads\/2025\/10\/imgi_15_dfd261_1d2fcc14a9d1486a840039fdec26272cmv2-1024x679.jpg 1024w, https:\/\/rougge.com\/wp-content\/uploads\/2025\/10\/imgi_15_dfd261_1d2fcc14a9d1486a840039fdec26272cmv2-300x199.jpg 300w, https:\/\/rougge.com\/wp-content\/uploads\/2025\/10\/imgi_15_dfd261_1d2fcc14a9d1486a840039fdec26272cmv2-768x509.jpg 768w, https:\/\/rougge.com\/wp-content\/uploads\/2025\/10\/imgi_15_dfd261_1d2fcc14a9d1486a840039fdec26272cmv2-18x12.jpg 18w, https:\/\/rougge.com\/wp-content\/uploads\/2025\/10\/imgi_15_dfd261_1d2fcc14a9d1486a840039fdec26272cmv2.jpg 1524w\" sizes=\"(max-width: 1024px) 100vw, 1024px\" \/>\t\t\t\t\t\t\t\t<\/a>\n\t\t\t\t\t\t\t\t\t\t\t\t\t\t\t<\/div>\n\t\t\t\t<\/div>\n\t\t\t\t\t<\/div>\n\t\t\t\t<\/div>\n\t\t\t\t<\/div>","protected":false},"excerpt":{"rendered":"<p>CINE-CONCERT Vincent MUNIER-ROUGGE&amp; Orchestra Photos and videos : Vincent MUNIERMusic, piano, singing : ROUGGE \u201cA visual and auditory journey with [&hellip;]<\/p>\n","protected":false},"author":2,"featured_media":172,"parent":0,"menu_order":0,"comment_status":"closed","ping_status":"closed","template":"","meta":{"site-sidebar-layout":"no-sidebar","site-content-layout":"","ast-site-content-layout":"full-width-container","site-content-style":"default","site-sidebar-style":"default","ast-global-header-display":"","ast-banner-title-visibility":"","ast-main-header-display":"","ast-hfb-above-header-display":"","ast-hfb-below-header-display":"","ast-hfb-mobile-header-display":"","site-post-title":"","ast-breadcrumbs-content":"","ast-featured-img":"disabled","footer-sml-layout":"","ast-disable-related-posts":"","theme-transparent-header-meta":"","adv-header-id-meta":"","stick-header-meta":"","header-above-stick-meta":"","header-main-stick-meta":"","header-below-stick-meta":"","astra-migrate-meta-layouts":"default","ast-page-background-enabled":"default","ast-page-background-meta":{"desktop":{"background-color":"var(--ast-global-color-5)","background-image":"","background-repeat":"repeat","background-position":"center center","background-size":"auto","background-attachment":"scroll","background-type":"","background-media":"","overlay-type":"","overlay-color":"","overlay-opacity":"","overlay-gradient":""},"tablet":{"background-color":"","background-image":"","background-repeat":"repeat","background-position":"center center","background-size":"auto","background-attachment":"scroll","background-type":"","background-media":"","overlay-type":"","overlay-color":"","overlay-opacity":"","overlay-gradient":""},"mobile":{"background-color":"","background-image":"","background-repeat":"repeat","background-position":"center center","background-size":"auto","background-attachment":"scroll","background-type":"","background-media":"","overlay-type":"","overlay-color":"","overlay-opacity":"","overlay-gradient":""}},"ast-content-background-meta":{"desktop":{"background-color":"var(--ast-global-color-4)","background-image":"","background-repeat":"repeat","background-position":"center center","background-size":"auto","background-attachment":"scroll","background-type":"","background-media":"","overlay-type":"","overlay-color":"","overlay-opacity":"","overlay-gradient":""},"tablet":{"background-color":"var(--ast-global-color-4)","background-image":"","background-repeat":"repeat","background-position":"center center","background-size":"auto","background-attachment":"scroll","background-type":"","background-media":"","overlay-type":"","overlay-color":"","overlay-opacity":"","overlay-gradient":""},"mobile":{"background-color":"var(--ast-global-color-4)","background-image":"","background-repeat":"repeat","background-position":"center center","background-size":"auto","background-attachment":"scroll","background-type":"","background-media":"","overlay-type":"","overlay-color":"","overlay-opacity":"","overlay-gradient":""}},"footnotes":""},"class_list":["post-165","page","type-page","status-publish","has-post-thumbnail","hentry"],"yoast_head":"<!-- This site is optimized with the Yoast SEO plugin v27.5 - https:\/\/yoast.com\/product\/yoast-seo-wordpress\/ -->\n<title>Cin\u00e9-concert Vincent MUNIER x ROUGGE<\/title>\n<meta name=\"description\" content=\"Discover the cin\u00e9-concert blending the photographies and films of Vincent MUNIER with ROUGGE&#039;s Music in a live orchestral experience.\" \/>\n<meta name=\"robots\" content=\"index, follow, max-snippet:-1, max-image-preview:large, max-video-preview:-1\" \/>\n<link rel=\"canonical\" href=\"https:\/\/rougge.com\/fr\/cine-concert\/\" \/>\n<meta property=\"og:locale\" content=\"fr_FR\" \/>\n<meta property=\"og:type\" content=\"article\" \/>\n<meta property=\"og:title\" content=\"Cin\u00e9-concert Vincent MUNIER x ROUGGE\" \/>\n<meta property=\"og:description\" content=\"Discover the cin\u00e9-concert blending the photographies and films of Vincent MUNIER with ROUGGE&#039;s Music in a live orchestral experience.\" \/>\n<meta property=\"og:url\" content=\"https:\/\/rougge.com\/fr\/cine-concert\/\" \/>\n<meta property=\"og:site_name\" content=\"Inside Music by Rougge\" \/>\n<meta property=\"article:modified_time\" content=\"2025-11-22T04:16:03+00:00\" \/>\n<meta property=\"og:image\" content=\"https:\/\/rougge.com\/wp-content\/uploads\/2025\/10\/imgi_11_dfd261_ff1de33f7fd14fc2b8391f02614a43damv2.jpg\" \/>\n\t<meta property=\"og:image:width\" content=\"1524\" \/>\n\t<meta property=\"og:image:height\" content=\"808\" \/>\n\t<meta property=\"og:image:type\" content=\"image\/jpeg\" \/>\n<meta name=\"twitter:card\" content=\"summary_large_image\" \/>\n<meta name=\"twitter:label1\" content=\"Dur\u00e9e de lecture estim\u00e9e\" \/>\n\t<meta name=\"twitter:data1\" content=\"2 minutes\" \/>\n<script type=\"application\/ld+json\" class=\"yoast-schema-graph\">{\"@context\":\"https:\\\/\\\/schema.org\",\"@graph\":[{\"@type\":\"WebPage\",\"@id\":\"https:\\\/\\\/rougge.com\\\/fr\\\/cine-concert\\\/\",\"url\":\"https:\\\/\\\/rougge.com\\\/fr\\\/cine-concert\\\/\",\"name\":\"Cin\u00e9-concert Vincent MUNIER x ROUGGE\",\"isPartOf\":{\"@id\":\"https:\\\/\\\/rougge.com\\\/fr\\\/#website\"},\"primaryImageOfPage\":{\"@id\":\"https:\\\/\\\/rougge.com\\\/fr\\\/cine-concert\\\/#primaryimage\"},\"image\":{\"@id\":\"https:\\\/\\\/rougge.com\\\/fr\\\/cine-concert\\\/#primaryimage\"},\"thumbnailUrl\":\"https:\\\/\\\/rougge.com\\\/wp-content\\\/uploads\\\/2025\\\/10\\\/imgi_11_dfd261_ff1de33f7fd14fc2b8391f02614a43damv2.jpg\",\"datePublished\":\"2025-10-23T08:00:24+00:00\",\"dateModified\":\"2025-11-22T04:16:03+00:00\",\"description\":\"Discover the cin\u00e9-concert blending the photographies and films of Vincent MUNIER with ROUGGE's Music in a live orchestral experience.\",\"breadcrumb\":{\"@id\":\"https:\\\/\\\/rougge.com\\\/fr\\\/cine-concert\\\/#breadcrumb\"},\"inLanguage\":\"fr-FR\",\"potentialAction\":[{\"@type\":\"ReadAction\",\"target\":[\"https:\\\/\\\/rougge.com\\\/fr\\\/cine-concert\\\/\"]}]},{\"@type\":\"ImageObject\",\"inLanguage\":\"fr-FR\",\"@id\":\"https:\\\/\\\/rougge.com\\\/fr\\\/cine-concert\\\/#primaryimage\",\"url\":\"https:\\\/\\\/rougge.com\\\/wp-content\\\/uploads\\\/2025\\\/10\\\/imgi_11_dfd261_ff1de33f7fd14fc2b8391f02614a43damv2.jpg\",\"contentUrl\":\"https:\\\/\\\/rougge.com\\\/wp-content\\\/uploads\\\/2025\\\/10\\\/imgi_11_dfd261_ff1de33f7fd14fc2b8391f02614a43damv2.jpg\",\"width\":1524,\"height\":808,\"caption\":\"Rougge and the OHV Orchestra performing live at the Espace Chaudeau in Ludres\"},{\"@type\":\"BreadcrumbList\",\"@id\":\"https:\\\/\\\/rougge.com\\\/fr\\\/cine-concert\\\/#breadcrumb\",\"itemListElement\":[{\"@type\":\"ListItem\",\"position\":1,\"name\":\"Home\",\"item\":\"https:\\\/\\\/rougge.com\\\/\"},{\"@type\":\"ListItem\",\"position\":2,\"name\":\"Cine-Concert\"}]},{\"@type\":\"WebSite\",\"@id\":\"https:\\\/\\\/rougge.com\\\/fr\\\/#website\",\"url\":\"https:\\\/\\\/rougge.com\\\/fr\\\/\",\"name\":\"Inside Music by Rougge\",\"description\":\"piano, voice &amp; emotion\",\"alternateName\":\"Inside Music by Rougge\",\"potentialAction\":[{\"@type\":\"SearchAction\",\"target\":{\"@type\":\"EntryPoint\",\"urlTemplate\":\"https:\\\/\\\/rougge.com\\\/fr\\\/?s={search_term_string}\"},\"query-input\":{\"@type\":\"PropertyValueSpecification\",\"valueRequired\":true,\"valueName\":\"search_term_string\"}}],\"inLanguage\":\"fr-FR\"}]}<\/script>\n<!-- \/ Yoast SEO plugin. -->","yoast_head_json":{"title":"Cin\u00e9-concert Vincent MUNIER x ROUGGE","description":"Discover the cin\u00e9-concert blending the photographies and films of Vincent MUNIER with ROUGGE's Music in a live orchestral experience.","robots":{"index":"index","follow":"follow","max-snippet":"max-snippet:-1","max-image-preview":"max-image-preview:large","max-video-preview":"max-video-preview:-1"},"canonical":"https:\/\/rougge.com\/fr\/cine-concert\/","og_locale":"fr_FR","og_type":"article","og_title":"Cin\u00e9-concert Vincent MUNIER x ROUGGE","og_description":"Discover the cin\u00e9-concert blending the photographies and films of Vincent MUNIER with ROUGGE's Music in a live orchestral experience.","og_url":"https:\/\/rougge.com\/fr\/cine-concert\/","og_site_name":"Inside Music by Rougge","article_modified_time":"2025-11-22T04:16:03+00:00","og_image":[{"width":1524,"height":808,"url":"https:\/\/rougge.com\/wp-content\/uploads\/2025\/10\/imgi_11_dfd261_ff1de33f7fd14fc2b8391f02614a43damv2.jpg","type":"image\/jpeg"}],"twitter_card":"summary_large_image","twitter_misc":{"Dur\u00e9e de lecture estim\u00e9e":"2 minutes"},"schema":{"@context":"https:\/\/schema.org","@graph":[{"@type":"WebPage","@id":"https:\/\/rougge.com\/fr\/cine-concert\/","url":"https:\/\/rougge.com\/fr\/cine-concert\/","name":"Cin\u00e9-concert Vincent MUNIER x ROUGGE","isPartOf":{"@id":"https:\/\/rougge.com\/fr\/#website"},"primaryImageOfPage":{"@id":"https:\/\/rougge.com\/fr\/cine-concert\/#primaryimage"},"image":{"@id":"https:\/\/rougge.com\/fr\/cine-concert\/#primaryimage"},"thumbnailUrl":"https:\/\/rougge.com\/wp-content\/uploads\/2025\/10\/imgi_11_dfd261_ff1de33f7fd14fc2b8391f02614a43damv2.jpg","datePublished":"2025-10-23T08:00:24+00:00","dateModified":"2025-11-22T04:16:03+00:00","description":"Discover the cin\u00e9-concert blending the photographies and films of Vincent MUNIER with ROUGGE's Music in a live orchestral experience.","breadcrumb":{"@id":"https:\/\/rougge.com\/fr\/cine-concert\/#breadcrumb"},"inLanguage":"fr-FR","potentialAction":[{"@type":"ReadAction","target":["https:\/\/rougge.com\/fr\/cine-concert\/"]}]},{"@type":"ImageObject","inLanguage":"fr-FR","@id":"https:\/\/rougge.com\/fr\/cine-concert\/#primaryimage","url":"https:\/\/rougge.com\/wp-content\/uploads\/2025\/10\/imgi_11_dfd261_ff1de33f7fd14fc2b8391f02614a43damv2.jpg","contentUrl":"https:\/\/rougge.com\/wp-content\/uploads\/2025\/10\/imgi_11_dfd261_ff1de33f7fd14fc2b8391f02614a43damv2.jpg","width":1524,"height":808,"caption":"Rougge and the OHV Orchestra performing live at the Espace Chaudeau in Ludres"},{"@type":"BreadcrumbList","@id":"https:\/\/rougge.com\/fr\/cine-concert\/#breadcrumb","itemListElement":[{"@type":"ListItem","position":1,"name":"Home","item":"https:\/\/rougge.com\/"},{"@type":"ListItem","position":2,"name":"Cine-Concert"}]},{"@type":"WebSite","@id":"https:\/\/rougge.com\/fr\/#website","url":"https:\/\/rougge.com\/fr\/","name":"Inside Music by Rougge","description":"piano, voice &amp; emotion","alternateName":"Inside Music by Rougge","potentialAction":[{"@type":"SearchAction","target":{"@type":"EntryPoint","urlTemplate":"https:\/\/rougge.com\/fr\/?s={search_term_string}"},"query-input":{"@type":"PropertyValueSpecification","valueRequired":true,"valueName":"search_term_string"}}],"inLanguage":"fr-FR"}]}},"_hostinger_reach_plugin_has_subscription_block":false,"_hostinger_reach_plugin_is_elementor":false,"_links":{"self":[{"href":"https:\/\/rougge.com\/fr\/wp-json\/wp\/v2\/pages\/165","targetHints":{"allow":["GET"]}}],"collection":[{"href":"https:\/\/rougge.com\/fr\/wp-json\/wp\/v2\/pages"}],"about":[{"href":"https:\/\/rougge.com\/fr\/wp-json\/wp\/v2\/types\/page"}],"author":[{"embeddable":true,"href":"https:\/\/rougge.com\/fr\/wp-json\/wp\/v2\/users\/2"}],"replies":[{"embeddable":true,"href":"https:\/\/rougge.com\/fr\/wp-json\/wp\/v2\/comments?post=165"}],"version-history":[{"count":52,"href":"https:\/\/rougge.com\/fr\/wp-json\/wp\/v2\/pages\/165\/revisions"}],"predecessor-version":[{"id":763,"href":"https:\/\/rougge.com\/fr\/wp-json\/wp\/v2\/pages\/165\/revisions\/763"}],"wp:featuredmedia":[{"embeddable":true,"href":"https:\/\/rougge.com\/fr\/wp-json\/wp\/v2\/media\/172"}],"wp:attachment":[{"href":"https:\/\/rougge.com\/fr\/wp-json\/wp\/v2\/media?parent=165"}],"curies":[{"name":"wp","href":"https:\/\/api.w.org\/{rel}","templated":true}]}}